{"id":97,"date":"2021-03-14T19:26:33","date_gmt":"2021-03-14T18:26:33","guid":{"rendered":"http:\/\/localhost\/ceraas\/?page_id=97"},"modified":"2021-03-25T14:16:34","modified_gmt":"2021-03-25T13:16:34","slug":"diplomante","status":"publish","type":"page","link":"http:\/\/91.121.2.216:8085\/ceraas\/index.php\/diplomante\/","title":{"rendered":"Dipl\u00f4mante"},"content":{"rendered":"\t\t<div data-elementor-type=\"wp-page\" data-elementor-id=\"97\" class=\"elementor elementor-97\" data-elementor-settings=\"[]\">\n\t\t\t\t\t\t\t<div class=\"elementor-section-wrap\">\n\t\t\t\t\t\t\t<section class=\"elementor-section elementor-top-section elementor-element elementor-element-23f81aa elementor-section-boxed elementor-section-height-default elementor-section-height-default\" data-id=\"23f81aa\" data-element_type=\"section\">\n\t\t\t\t\t\t<div class=\"elementor-container elementor-column-gap-default\">\n\t\t\t\t\t<div class=\"elementor-column elementor-col-100 elementor-top-column elementor-element elementor-element-4b1e538\" data-id=\"4b1e538\" data-element_type=\"column\">\n\t\t\t<div class=\"elementor-widget-wrap elementor-element-populated\">\n\t\t\t\t\t\t\t\t<div class=\"elementor-element elementor-element-404f225 elementor-widget elementor-widget-spacer\" data-id=\"404f225\" data-element_type=\"widget\" data-widget_type=\"spacer.default\">\n\t\t\t\t<div class=\"elementor-widget-container\">\n\t\t\t\t\t<div class=\"elementor-spacer\">\n\t\t\t<div class=\"elementor-spacer-inner\"><\/div>\n\t\t<\/div>\n\t\t\t\t<\/div>\n\t\t\t\t<\/div>\n\t\t\t\t\t<\/div>\n\t\t<\/div>\n\t\t\t\t\t\t\t<\/div>\n\t\t<\/section>\n\t\t\t\t<section class=\"elementor-section elementor-top-section elementor-element elementor-element-722e56f elementor-section-boxed elementor-section-height-default elementor-section-height-default\" data-id=\"722e56f\" data-element_type=\"section\">\n\t\t\t\t\t\t<div class=\"elementor-container elementor-column-gap-default\">\n\t\t\t\t\t<div class=\"elementor-column elementor-col-100 elementor-top-column elementor-element elementor-element-aa58b93\" data-id=\"aa58b93\" data-element_type=\"column\">\n\t\t\t<div class=\"elementor-widget-wrap elementor-element-populated\">\n\t\t\t\t\t\t\t\t<div class=\"elementor-element elementor-element-d8d8d60 elementor-widget elementor-widget-text-editor\" data-id=\"d8d8d60\" data-element_type=\"widget\" data-widget_type=\"text-editor.default\">\n\t\t\t\t<div class=\"elementor-widget-container\">\n\t\t\t\t\t<div class=\"elementor-text-editor elementor-clearfix\"><h3 align=\"center\">Doctorat \/ PHD<\/h3><div class=\"blog-content\"><p align=\"justify\">L \u2019accueil de doctorants au Ceraas peut se faire sous diff\u00e9rentes modalit\u00e9s, selon le projet de th\u00e8se, l\u2019universit\u00e9 dans laquelle sont inscrits les \u00e9tudiant(e)s, ou encore le financement disponible. L\u2019accueil doit n\u00e9cessairement s\u2019inscrire dans un programme de recherche pour lequel le Ceraas dispose d\u2019un financement. Le sujet de th\u00e8se concerne donc imp\u00e9rativement la th\u00e9matique de l\u2019adaptation des plantes \u00e0 la s\u00e9cheresse.<br \/>Le Ceraas met \u00e0 disposition des \u00e9tudiants les moyens mat\u00e9riels et financiers pour conduire le programme de th\u00e8se d\u00e9fini, et recherche \u00e9galement des bourses pour permettre aux \u00e9tudiants de subvenir \u00e0 leurs besoins.<\/p><p>Les \u00e9tudiants effectuent leurs recherches dans les laboratoires du Ceraas et\/ou de ses partenaires.<br \/>Le Ceraas conduit actuellement avec l\u2019appui financier du Deutscher Akademischer Austauschdienst (DAAD), un programme de bourses pour l\u2019accueil d\u2019\u00e9tudiants de la sous r\u00e9gion inscrits en Doctorat.<br \/>Au d\u00e9but du Doctorat, l\u2019\u00e9tudiant(e) signe avec le Ceraas une convention de 3 ans.<\/p><\/div><h3 align=\"center\">DEA<\/h3><div class=\"blog-content\"><p>Le Ceraas accueille chaque ann\u00e9e des universitaires pour un stage pratique de Dipl\u00f4me d\u2019Etudes Approfondies (DEA \/ Master). L\u2019\u00e9tudiant universitaire effectue son stage apr\u00e8s avoir suivi les cours th\u00e9oriques dispens\u00e9s \u00e0 l\u2019universit\u00e9. Il est g\u00e9n\u00e9ralement inscrit \u00e0 l\u2019Universit\u00e9 Cheikh Anta Diop de Dakar (Ucad) avec laquelle le Ceraas travaille \u00e9troitement, mais il peut \u00e9galement venir d\u2019autres universit\u00e9s de la sous r\u00e9gion ou du Nord. A l\u2019issu des cours th\u00e9oriques, les \u00e9tudiants sont accueillis au Ceraas dans le cadre d\u2019un projet de recherche financ\u00e9. Leurs activit\u00e9s sont programm\u00e9es et budg\u00e9tis\u00e9es au d\u00e9but de l\u2019ann\u00e9e. Chaque \u00e9tudiant est encadr\u00e9 par un chercheur du Centre, et b\u00e9n\u00e9ficie de l\u2019appui scientifique de l\u2019\u00e9quipe.<\/p><p>Les stages pratiques ont une dur\u00e9e moyenne de 8 mois. Le Ceraas accorde dans la mesure de ses capacit\u00e9s des bourses d\u2019\u00e9tude pour les \u00e9tudiants qu\u2019il accueille et encadre. Un programme de bourses est actuellement conduit avec l\u2019appui financier du Deutscher Akademischer Austauschdienst (DAAD), pour l\u2019accueil d\u2019\u00e9tudiants de la sous r\u00e9gion inscrits en DEA \u00e0 l\u2019Ucad.<\/p><\/div><h3 align=\"center\">Ing\u00e9niorat<\/h3><div class=\"blog-content\"><p>Le Ceraas entretien un partenariat privil\u00e9gi\u00e9 avec l\u2019Ecole Nationale Sup\u00e9rieure d\u2019Agriculture de Thi\u00e8s (Ensa), sur le campus de laquelle il est bas\u00e9, ainsi qu\u2019avec l\u2019Ecole Nationale des Cadres Ruraux (\u2026)<\/p><p>Le Ceraas entretien un partenariat privil\u00e9gi\u00e9 avec l\u2019Ecole Nationale Sup\u00e9rieure d\u2019Agriculture de Thi\u00e8s (Ensa), sur le campus de laquelle il est bas\u00e9, ainsi qu\u2019avec l\u2019Ecole Nationale des Cadres Ruraux (ENCR), situ\u00e9e \u00e0 Bambey. Il accueille chaque ann\u00e9e des \u00e9tudiants provenant des ces \u00e9coles pour des stages pratiques d\u2019une dur\u00e9e de 4 \u00e0 5 mois. Il a \u00e9galement la latitude d\u2019accueillir des \u00e9tudiants provenant d\u2019\u00e9tablissements situ\u00e9s hors du S\u00e9n\u00e9gal (France, Niger\u2026). Les \u00e9tudiants sont accueillis et conduisent des activit\u00e9s qui sont int\u00e9gr\u00e9es dans la programmation scientifique de l\u2019ann\u00e9e, et dont le financement est assur\u00e9. Le Ceraas d\u00e9termine donc en d\u00e9but d\u2019ann\u00e9e, suivant sa programmation scientifique le nombre et les th\u00e9matiques sur lesquelles il aura la capacit\u00e9 d\u2019accueillir un future dipl\u00f4m\u00e9 pour un stage de fin d\u2019ann\u00e9e.<\/p><\/div><\/div>\n\t\t\t\t<\/div>\n\t\t\t\t<\/div>\n\t\t\t\t\t<\/div>\n\t\t<\/div>\n\t\t\t\t\t\t\t<\/div>\n\t\t<\/section>\n\t\t\t\t\t\t<\/div>\n\t\t\t\t\t<\/div>\n\t\t","protected":false},"excerpt":{"rendered":"<p>Doctorat \/ PHD L \u2019accueil de doctorants au Ceraas peut se faire sous diff\u00e9rentes modalit\u00e9s, selon le projet de th\u00e8se, l\u2019universit\u00e9 dans laquelle sont inscrits les \u00e9tudiant(e)s, ou encore le financement disponible. L\u2019accueil doit n\u00e9cessairement s\u2019inscrire dans un programme de recherche pour lequel le Ceraas dispose d\u2019un financement. Le sujet [&hellip;]<\/p>\n","protected":false},"author":1,"featured_media":0,"parent":0,"menu_order":0,"comment_status":"closed","ping_status":"closed","template":"page-templates\/template-pagebuilder-full-width.php","meta":{"footnotes":""},"class_list":["post-97","page","type-page","status-publish","hentry"],"_links":{"self":[{"href":"http:\/\/91.121.2.216:8085\/ceraas\/index.php\/wp-json\/wp\/v2\/pages\/97","targetHints":{"allow":["GET"]}}],"collection":[{"href":"http:\/\/91.121.2.216:8085\/ceraas\/index.php\/wp-json\/wp\/v2\/pages"}],"about":[{"href":"http:\/\/91.121.2.216:8085\/ceraas\/index.php\/wp-json\/wp\/v2\/types\/page"}],"author":[{"embeddable":true,"href":"http:\/\/91.121.2.216:8085\/ceraas\/index.php\/wp-json\/wp\/v2\/users\/1"}],"replies":[{"embeddable":true,"href":"http:\/\/91.121.2.216:8085\/ceraas\/index.php\/wp-json\/wp\/v2\/comments?post=97"}],"version-history":[{"count":10,"href":"http:\/\/91.121.2.216:8085\/ceraas\/index.php\/wp-json\/wp\/v2\/pages\/97\/revisions"}],"predecessor-version":[{"id":609,"href":"http:\/\/91.121.2.216:8085\/ceraas\/index.php\/wp-json\/wp\/v2\/pages\/97\/revisions\/609"}],"wp:attachment":[{"href":"http:\/\/91.121.2.216:8085\/ceraas\/index.php\/wp-json\/wp\/v2\/media?parent=97"}],"curies":[{"name":"wp","href":"https:\/\/api.w.org\/{rel}","templated":true}]}}