{"id":85,"date":"2021-03-14T19:23:06","date_gmt":"2021-03-14T18:23:06","guid":{"rendered":"http:\/\/localhost\/ceraas\/?page_id=85"},"modified":"2021-03-25T14:13:34","modified_gmt":"2021-03-25T13:13:34","slug":"articles-scientifiques","status":"publish","type":"page","link":"http:\/\/91.121.2.216:8085\/ceraas\/index.php\/articles-scientifiques\/","title":{"rendered":"Articles scientifiques"},"content":{"rendered":"\t\t<div data-elementor-type=\"wp-page\" data-elementor-id=\"85\" class=\"elementor elementor-85\" data-elementor-settings=\"[]\">\n\t\t\t\t\t\t\t<div class=\"elementor-section-wrap\">\n\t\t\t\t\t\t\t<section class=\"elementor-section elementor-top-section elementor-element elementor-element-c23e8cb elementor-section-boxed elementor-section-height-default elementor-section-height-default\" data-id=\"c23e8cb\" data-element_type=\"section\">\n\t\t\t\t\t\t<div class=\"elementor-container elementor-column-gap-default\">\n\t\t\t\t\t<div class=\"elementor-column elementor-col-100 elementor-top-column elementor-element elementor-element-60e6c41\" data-id=\"60e6c41\" data-element_type=\"column\">\n\t\t\t<div class=\"elementor-widget-wrap elementor-element-populated\">\n\t\t\t\t\t\t\t\t<div class=\"elementor-element elementor-element-8319264 elementor-widget elementor-widget-spacer\" data-id=\"8319264\" data-element_type=\"widget\" data-widget_type=\"spacer.default\">\n\t\t\t\t<div class=\"elementor-widget-container\">\n\t\t\t\t\t<div class=\"elementor-spacer\">\n\t\t\t<div class=\"elementor-spacer-inner\"><\/div>\n\t\t<\/div>\n\t\t\t\t<\/div>\n\t\t\t\t<\/div>\n\t\t\t\t\t<\/div>\n\t\t<\/div>\n\t\t\t\t\t\t\t<\/div>\n\t\t<\/section>\n\t\t\t\t<section class=\"elementor-section elementor-top-section elementor-element elementor-element-a54c6e8 elementor-section-boxed elementor-section-height-default elementor-section-height-default\" data-id=\"a54c6e8\" data-element_type=\"section\">\n\t\t\t\t\t\t<div class=\"elementor-container elementor-column-gap-default\">\n\t\t\t\t\t<div class=\"elementor-column elementor-col-100 elementor-top-column elementor-element elementor-element-c13067c\" data-id=\"c13067c\" data-element_type=\"column\">\n\t\t\t<div class=\"elementor-widget-wrap elementor-element-populated\">\n\t\t\t\t\t\t\t\t<div class=\"elementor-element elementor-element-87f465c elementor-widget elementor-widget-text-editor\" data-id=\"87f465c\" data-element_type=\"widget\" data-widget_type=\"text-editor.default\">\n\t\t\t\t<div class=\"elementor-widget-container\">\n\t\t\t\t\t<div class=\"elementor-text-editor elementor-clearfix\"><h3 align=\"center\">Articles scientifiques 2020<\/h3>\n<p align=\"justify\">\n<ol type=\"1\",align=\"justify\">\n \t<li>Olivier Roupsard abc,\u00a0Alain Audebert\u00a0def,\u00a0Adama P.Ndour\u00a0f, Cathy Clermont-Dauphin gc, Yelogniss\u00e8 Agbohessou ch, Josias Sanou i, Jonas Koala j, Emile Faye kl,\u00a0Diaretou Sambakhe\u00a0f, Christophe Jourdan abc Guerricle Mairem b, LaureTall nc, Diaminatou Sanogo h, Josiane Seghier i, b, Laurent Cournac n, Louise Leroux op q.\u00a0<a href=\"https:\/\/www.sciencedirect.com\/science\/journal\/01678809\">Agriculture, Ecosystems &amp; Environment<\/a>\u00a0,\u00a0<a href=\"https:\/\/www.sciencedirect.com\/science\/journal\/01678809\/296\/supp\/C\">Volume 296<\/a>\u00a0, 1er juillet 2020, 1069281 juillet 2020, 106928. Dans quelle mesure objectif-t-il la culture en agroforesterie?\u00a0Nouvelles m\u00e9thodes d\u2019analyse spatiale dans un parc de Faidherbia.<\/li>\n \t<li>A. Faye\u00a01, *, ZP Stewart 2, *, K. Ndung\u2019u-Magiroi 3, M. Diouf 4, I. Ndoye 5, T. Diope 5, Y. Dalp\u00e9 6, PVV Prasad 2 et D. Lesueur 7 , 8,9,10.\u00a0Essais d\u2019inoculants commerciaux pour am\u00e9liorer l\u2019absorption de P et le rendement en grain du soja promiscuit\u00e9 au Kenya.\u00a0Durabilit\u00e9 2020, 12, 3803;\u00a0doi: 10.3390 \/ su12093803<\/li>\n \t<li><a href=\"https:\/\/www.sciencedirect.com\/science\/article\/abs\/pii\/S0167880920301134#!\">Olivier Roupsard\u00a0<\/a><a href=\"https:\/\/www.sciencedirect.com\/science\/article\/abs\/pii\/S0167880920301134#!\"><sup>abc<\/sup><\/a>\u00a0,\u00a0<a href=\"https:\/\/www.sciencedirect.com\/science\/article\/abs\/pii\/S0167880920301134#!\">Alain Audebert\u00a0<\/a><a href=\"https:\/\/www.sciencedirect.com\/science\/article\/abs\/pii\/S0167880920301134#!\"><sup>def<\/sup><\/a>\u00a0,\u00a0<a href=\"https:\/\/www.sciencedirect.com\/science\/article\/abs\/pii\/S0167880920301134#!\">Adama P. Ndour\u00a0<\/a><a href=\"https:\/\/www.sciencedirect.com\/science\/article\/abs\/pii\/S0167880920301134#!\"><sup>f<\/sup><\/a>\u00a0,\u00a0<a href=\"https:\/\/www.sciencedirect.com\/science\/article\/abs\/pii\/S0167880920301134#!\">Cathy Clermont-Dauphin\u00a0<\/a><a href=\"https:\/\/www.sciencedirect.com\/science\/article\/abs\/pii\/S0167880920301134#!\"><sup>gc<\/sup><\/a>\u00a0,\u00a0<a href=\"https:\/\/www.sciencedirect.com\/science\/article\/abs\/pii\/S0167880920301134#!\">Yelogniss\u00e8 gbohessou\u00a0<\/a><a href=\"https:\/\/www.sciencedirect.com\/science\/article\/abs\/pii\/S0167880920301134#!\"><sup>ch<\/sup><\/a>\u00a0,\u00a0<a href=\"https:\/\/www.sciencedirect.com\/science\/article\/abs\/pii\/S0167880920301134#!\">Josias Sanou\u00a0<\/a><a href=\"https:\/\/www.sciencedirect.com\/science\/article\/abs\/pii\/S0167880920301134#!\"><sup>i<\/sup><\/a>\u00a0,\u00a0<a href=\"https:\/\/www.sciencedirect.com\/science\/article\/abs\/pii\/S0167880920301134#!\">Jonas Koala\u00a0<\/a><a href=\"https:\/\/www.sciencedirect.com\/science\/article\/abs\/pii\/S0167880920301134#!\"><sup>j<\/sup><\/a>\u00a0,\u00a0<a href=\"https:\/\/www.sciencedirect.com\/science\/article\/abs\/pii\/S0167880920301134#!\">Emile Faye\u00a0<\/a><a href=\"https:\/\/www.sciencedirect.com\/science\/article\/abs\/pii\/S0167880920301134#!\"><sup>kl<\/sup><\/a>\u00a0,\u00a0<a href=\"https:\/\/www.sciencedirect.com\/science\/article\/abs\/pii\/S0167880920301134#!\">Diaretou Sambakhe\u00a0<\/a><a href=\"https:\/\/www.sciencedirect.com\/science\/article\/abs\/pii\/S0167880920301134#!\"><sup>f<\/sup><\/a>\u00a0,\u00a0<a href=\"https:\/\/www.sciencedirect.com\/science\/article\/abs\/pii\/S0167880920301134#!\">Christophe Jourdan\u00a0<\/a><a href=\"https:\/\/www.sciencedirect.com\/science\/article\/abs\/pii\/S0167880920301134#!\"><sup>abc<\/sup><\/a>\u00a0,\u00a0<a href=\"https:\/\/www.sciencedirect.com\/science\/article\/abs\/pii\/S0167880920301134#!\">Guerricle Maire\u00a0<\/a><a href=\"https:\/\/www.sciencedirect.com\/science\/article\/abs\/pii\/S0167880920301134#!\"><sup>mb<\/sup><\/a>\u00a0,\u00a0<a href=\"https:\/\/www.sciencedirect.com\/science\/article\/abs\/pii\/S0167880920301134#!\">Laure Tall\u00a0<\/a><a href=\"https:\/\/www.sciencedirect.com\/science\/article\/abs\/pii\/S0167880920301134#!\"><sup>nc<\/sup><\/a>\u00a0,\u00a0<a href=\"https:\/\/www.sciencedirect.com\/science\/article\/abs\/pii\/S0167880920301134#!\">Diaminatou Sanogo\u00a0<\/a><a href=\"https:\/\/www.sciencedirect.com\/science\/article\/abs\/pii\/S0167880920301134#!\"><sup>h<\/sup><\/a>\u00a0,\u00a0<a href=\"https:\/\/www.sciencedirect.com\/science\/article\/abs\/pii\/S0167880920301134#!\">Josiane Seghieri\u00a0<\/a><a href=\"https:\/\/www.sciencedirect.com\/science\/article\/abs\/pii\/S0167880920301134#!\"><sup>b<\/sup><\/a>\u00a0,<a href=\"https:\/\/www.sciencedirect.com\/science\/article\/abs\/pii\/S0167880920301134#!\">Laurent Cournac\u00a0<\/a><a href=\"https:\/\/www.sciencedirect.com\/science\/article\/abs\/pii\/S0167880920301134#!\"><sup>b<\/sup><\/a>\u00a0,\u00a0<a href=\"https:\/\/www.sciencedirect.com\/science\/article\/abs\/pii\/S0167880920301134#!\">Louise Leroux\u00a0<\/a><a href=\"https:\/\/www.sciencedirect.com\/science\/article\/abs\/pii\/S0167880920301134#!\"><sup>opq<\/sup><\/a>\u00a0.\u00a0Dans quelle mesure l\u2019arbre affecte-t-il la culture en agroforesterie?\u00a0Nouvelles m\u00e9thodes d\u2019analyse spatiale dans un parc de Faidherbia<\/li>\n \t<li><a href=\"https:\/\/sciprofiles.com\/profile\/518378\">Hodo-Abalo Tossim\u00a0<\/a><sup>\u00a01,2<\/sup>\u00a0,\u00a0<a href=\"https:\/\/sciprofiles.com\/profile\/1055988\">Joel Romaric Nguepjop\u00a0<\/a><sup>\u00a01,3<\/sup>\u00a0,\u00a0<a href=\"https:\/\/sciprofiles.com\/profile\/author\/cUF4SkEwSGQ5TjBJLzJpYWhnTUh6RkhmMkpJNmJhYk9pQWRqdG9JQXJqaz0=\">Cyril Diatta\u00a0<\/a><sup>\u00a04<\/sup>\u00a0,\u00a0<a href=\"https:\/\/sciprofiles.com\/profile\/author\/TVoxVE9EaFdRUk5oeFNDQWY4UXdiazVDTDBLM0x4N21QWGFwNW5RVUNFST0=\">Aissatou Sambou\u00a0<\/a><sup>\u00a01<\/sup>\u00a0,\u00a0<a href=\"https:\/\/sciprofiles.com\/profile\/author\/MDBNVHQ0anN6NnZiUlA1ZVQ3RVVFYnRYQWo5K2cveG9GS3VhWExKN2pGTT0=\">Maguette Seye\u00a0<\/a><sup>\u00a01<\/sup>\u00a0,\u00a0<a href=\"https:\/\/sciprofiles.com\/profile\/author\/bkZCK1kxSGNTK2x2em9pMURnMVZuUmJEMXNoWERoZ0g4QlJ0Zkd2RHdlcz0=\">Djibril Sane\u00a0<\/a><sup>\u00a02<\/sup>\u00a0,\u00a0<a href=\"https:\/\/sciprofiles.com\/profile\/author\/cncvd2wxTzBtWDFrbWsvbVR1cXhhUT09\">Jean-Fran\u00e7ois Rami\u00a0<\/a><sup>\u00a05,6<\/sup>\u00a0\u00a0et\u00a0<a href=\"https:\/\/sciprofiles.com\/profile\/990429\">Daniel Fonceka\u00a0<\/a>\u00a01,6,7, *\u00a0.\u00a0\u00c9valuation de 16 CSSL d\u2019arachide (Arachis hypogaea L.) d\u00e9riv\u00e9es d\u2019un croisement intersp\u00e9cifique pour les caract\u00e9ristiques de rendement et la composante de rendement: validation QTL.<\/li>\n \t<li>Kanfany G\u00a0, DD, Serba, Rhodes D, Amand PS, Bernardo A, Gangashetty P,\u00a0Kane NA\u00a0et Bai G. nd \u00abDiversit\u00e9 g\u00e9nomique dans les\u00a0lign\u00e9es consanguines du\u00a0millet perl\u00e9 d\u00e9riv\u00e9es de\u00a0races locales\u00a0et de vari\u00e9t\u00e9s am\u00e9lior\u00e9es.\u00bb\u00a0https:\/\/doi.org\/10.21203\/rs.2.23078\/v1.<\/li>\n \t<li>Gaffney, Jim, Redeat Tibebu, Rebecca Bart, Getu Beyene, Dejene Girma,\u00a0Ndjido Ardo Kane\u00a0, Emma S. Mace, et al.\u00a02020. \u00abLe libre acc\u00e8s aux donn\u00e9es de s\u00e9quences g\u00e9n\u00e9tiques maximise la valeur pour les scientifiques, les agriculteurs et la soci\u00e9t\u00e9.\u00bb\u00a0S\u00e9curit\u00e9 alimentaire mondiale.\u00a0https:\/\/doi.org\/10.1016\/j.gfs.2020.100411.<\/li>\n \t<li>Jankowski, F, S Louafi,\u00a0NA Kane,\u00a0M Diol, A Diao Camara, J.-L.\u00a0Pham, C Berthouly-Salazar et A Barnaud.\u00a02020. \u00abDes textes aux pratiques de mise en \u0153uvre: d\u00e9finir des principes de recherche justes et \u00e9quitables pour les ressources phytog\u00e9n\u00e9tiques en Afrique de l\u2019Ouest.\u00bb\u00a0Agriculture et valeurs humaines.\u00a0https:\/\/doi.org\/10.1007\/s10460-020-10039-3.<\/li>\n \t<li>Kane, Ndjido Ardo\u00a0et Cecile Berthouly-Salazar.\u00a02020. \u00abG\u00e9nomique des populations de Pearl Millet\u00bb.\u00a0Suisse: In Rajora OP (ed).\u00a0G\u00e9nomique des populations: plantes cultiv\u00e9es.\u00a0Springer Nature AG.\u00a0https:\/\/doi.org\/10.1007\/13836_2020_80.<\/li>\n \t<li>M, Abrouk, Ahmed HI, Cubry P, \u0160imon\u00edkov\u00e1 D, Cauet S, Bettgenhaeuser J, Gapa L, et al.\u00a0Sd\u00a0\u00abLe g\u00e9nome du fonio mil lib\u00e8re la diversit\u00e9 des cultures orphelines africaines pour l\u2019agriculture dans un climat en \u00e9volution.\u00bb\u00a0https:\/\/doi.org\/10.1101\/2020.04.11.037671.<\/li>\n \t<li>O, Diack, Kanfany G, Gueye MC,\u00a0Sy O, Fofana A, Tall H, Serba DD, et al.\u00a0Sd\u00a0\u00abGWAS d\u00e9voile des caract\u00e9ristiques entre les millets de perles \u00e0 floraison pr\u00e9coce et tardive.\u00bb\u00a0https:\/\/doi.org\/10.21203\/rs.3.rs-25381\/v1.\u00a0(Dans la presse).<\/li>\n \t<li>Vigouroux Yves et al.\u00a0nd\u00a0(2020).\u00a0La vuln\u00e9rabilit\u00e9 g\u00e9nomique du mil chandelle au changement climatique en Afrique de l\u2019Ouest met en \u00e9vidence la n\u00e9cessit\u00e9 d\u2019une collaboration r\u00e9gionale.\u00a0doi: 10.5281 \/ zenodo.3970815.\u00a0(Dans la presse)<\/li>\n \t<li>A. Grondin, P. Affortit, C. Tranchant-Dubreuil, C. de la Fuente Canto, C. Mariac, P. Gantet, Y. Vigouroux et L. Laplaze (2020) Les aquaporines sont les principaux contributeurs \u00e0 la conductivit\u00e9 hydraulique des racines dans le mil chandelle (Pennisetum glaucum (L.) R.Br) .BioRxiv doi:\u00a0<a href=\"https:\/\/doi.org\/10.1101\/2020.05.13.094094\">https:\/\/doi.org\/10.1101\/2020.05.13.094094<\/a><\/li>\n \t<li>MT Campbell, A. Grondin, H. Walia et G. Morata (2020) Exploiter les mod\u00e8les de croissance g\u00e9nomiques pour \u00e9tudier les r\u00e9ponses de croissance des pousses au d\u00e9ficit hydrique du riz.\u00a0Journal of Experimental Botany doi: 10.1093 \/ jxb \/ eraa280<\/li>\n \t<li>T. Chevalier, M. Loireau, R. Courault, L. Chapuis-Lardy, T. Desjardins, C. Gomez, A. Grondin et al.\u00a0Accord de Paris sur le climat: Promouvoir la science interdisciplinaire et les approches des partis pour la mise en \u0153uvre \u00e0 plusieurs \u00e9chelles de la s\u00e9questration continentale du carbone (2020) Durabilit\u00e9 12, 6715;\u00a0doi: 10.3390 \/ su12176715<\/li>\n \t<li>Sarr A., A. Bodian,\u00a0Gbedevi KM, Ndoye Ndir K., Oyatomi AO, B. Gueye,\u00a0Fonc\u00e9ka D\u00a0.,\u00a0DIOP EAMC\u00a0., BM DIOP,\u00a0Ciss\u00e9 N\u00a0.\u00a0et Diouf D., 2020. Analyses de la diversit\u00e9 g\u00e9n\u00e9tique et de la structure des populations de parents sauvages et de ni\u00e9b\u00e9 cultiv\u00e9 (Vigna unguiculata (L.) Walp) du S\u00e9n\u00e9gal \u00e0 l\u2019aide de simples marqueurs de r\u00e9p\u00e9tition de s\u00e9quence.\u00a0Journaliste de biologie mol\u00e9culaire v\u00e9g\u00e9tale.\u00a0<a href=\"https:\/\/doi.org\/10.1007\/s11105-020-01232-z\">https:\/\/doi.org\/10.1007\/s11105-020-01232-z<\/a><\/li>\n \t<li>Bodian A.\u00a0, B. Ouattara,\u00a0Sarr A.\u00a0,\u00a0Gano B., MN Sall, Ndoye\u00a0Ndir K.,\u00a0Ciss\u00e9 N\u00a0.\u00a0et Falalou H., 2020. Structure g\u00e9n\u00e9tique et diversit\u00e9 des vari\u00e9t\u00e9s locales de Sorgho bicolor (L.) moench des terres marginales de production de sorgho au S\u00e9n\u00e9gal, reposant sur les marqueurs SSR.\u00a0J. Plant Breed.\u00a0Genet.\u00a0DOI:\u00a010.33687 \/ pbg.007.03.3204<\/li>\n \t<li>Joseph S\u00e9kou B. DEMBELE1,3, Boubacar GANO1,3\u00a0, Michel VAKSMANN4,6, Mamoutou KOURESSY2, L\u00e9once Lamine DEMBELE2, Mohamed DOUMBIA2, Niaba TEME2, Diaga DIOUF3 et\u00a0Alain AUDEBERT5,6 *\u00a0.\u00a0<em>R\u00e9ponse de huit vari\u00e9t\u00e9s de sorgho \u00e0 la densit\u00e9 des plantes et \u00e0 la fertilisation azot\u00e9e dans la zone soudano-sah\u00e9lienne au Mali.\u00a0Vol.\u00a016 (10), pp.1401-1410, octobre 2020 DOI:\u00a010.5897 \/ AJAR2020.15025<\/em><\/li>\n<\/ol>\n<\/p><\/div>\n\t\t\t\t<\/div>\n\t\t\t\t<\/div>\n\t\t\t\t\t<\/div>\n\t\t<\/div>\n\t\t\t\t\t\t\t<\/div>\n\t\t<\/section>\n\t\t\t\t\t\t<\/div>\n\t\t\t\t\t<\/div>\n\t\t","protected":false},"excerpt":{"rendered":"<p>Articles scientifiques 2020 Olivier Roupsard abc,\u00a0Alain Audebert\u00a0def,\u00a0Adama P.Ndour\u00a0f, Cathy Clermont-Dauphin gc, Yelogniss\u00e8 Agbohessou ch, Josias Sanou i, Jonas Koala j, Emile Faye kl,\u00a0Diaretou Sambakhe\u00a0f, Christophe Jourdan abc Guerricle Mairem b, LaureTall nc, Diaminatou Sanogo h, Josiane Seghier i, b, Laurent Cournac n, Louise Leroux op q.\u00a0Agriculture, Ecosystems &amp; Environment\u00a0,\u00a0Volume 296\u00a0, [&hellip;]<\/p>\n","protected":false},"author":1,"featured_media":0,"parent":0,"menu_order":0,"comment_status":"closed","ping_status":"closed","template":"page-templates\/template-pagebuilder-full-width.php","meta":{"footnotes":""},"class_list":["post-85","page","type-page","status-publish","hentry"],"_links":{"self":[{"href":"http:\/\/91.121.2.216:8085\/ceraas\/index.php\/wp-json\/wp\/v2\/pages\/85","targetHints":{"allow":["GET"]}}],"collection":[{"href":"http:\/\/91.121.2.216:8085\/ceraas\/index.php\/wp-json\/wp\/v2\/pages"}],"about":[{"href":"http:\/\/91.121.2.216:8085\/ceraas\/index.php\/wp-json\/wp\/v2\/types\/page"}],"author":[{"embeddable":true,"href":"http:\/\/91.121.2.216:8085\/ceraas\/index.php\/wp-json\/wp\/v2\/users\/1"}],"replies":[{"embeddable":true,"href":"http:\/\/91.121.2.216:8085\/ceraas\/index.php\/wp-json\/wp\/v2\/comments?post=85"}],"version-history":[{"count":16,"href":"http:\/\/91.121.2.216:8085\/ceraas\/index.php\/wp-json\/wp\/v2\/pages\/85\/revisions"}],"predecessor-version":[{"id":606,"href":"http:\/\/91.121.2.216:8085\/ceraas\/index.php\/wp-json\/wp\/v2\/pages\/85\/revisions\/606"}],"wp:attachment":[{"href":"http:\/\/91.121.2.216:8085\/ceraas\/index.php\/wp-json\/wp\/v2\/media?parent=85"}],"curies":[{"name":"wp","href":"https:\/\/api.w.org\/{rel}","templated":true}]}}