{"id":67,"date":"2021-03-14T18:17:17","date_gmt":"2021-03-14T17:17:17","guid":{"rendered":"http:\/\/localhost\/ceraas\/?page_id=67"},"modified":"2021-03-27T04:59:28","modified_gmt":"2021-03-27T03:59:28","slug":"equipe-scientique","status":"publish","type":"page","link":"http:\/\/91.121.2.216:8085\/ceraas\/index.php\/equipe-scientique\/","title":{"rendered":"Equipe scientifique"},"content":{"rendered":"\t\t<div data-elementor-type=\"wp-page\" data-elementor-id=\"67\" class=\"elementor elementor-67\" data-elementor-settings=\"[]\">\n\t\t\t\t\t\t\t<div class=\"elementor-section-wrap\">\n\t\t\t\t\t\t\t<section class=\"elementor-section elementor-top-section elementor-element elementor-element-528ebcf elementor-section-boxed elementor-section-height-default elementor-section-height-default\" data-id=\"528ebcf\" data-element_type=\"section\">\n\t\t\t\t\t\t<div class=\"elementor-container elementor-column-gap-default\">\n\t\t\t\t\t<div class=\"elementor-column elementor-col-100 elementor-top-column elementor-element elementor-element-0e679fb\" data-id=\"0e679fb\" data-element_type=\"column\">\n\t\t\t<div class=\"elementor-widget-wrap elementor-element-populated\">\n\t\t\t\t\t\t\t\t<div class=\"elementor-element elementor-element-2b2618e elementor-widget elementor-widget-spacer\" data-id=\"2b2618e\" data-element_type=\"widget\" data-widget_type=\"spacer.default\">\n\t\t\t\t<div class=\"elementor-widget-container\">\n\t\t\t\t\t<div class=\"elementor-spacer\">\n\t\t\t<div class=\"elementor-spacer-inner\"><\/div>\n\t\t<\/div>\n\t\t\t\t<\/div>\n\t\t\t\t<\/div>\n\t\t\t\t\t<\/div>\n\t\t<\/div>\n\t\t\t\t\t\t\t<\/div>\n\t\t<\/section>\n\t\t\t\t<section class=\"elementor-section elementor-top-section elementor-element elementor-element-42668fd elementor-section-boxed elementor-section-height-default elementor-section-height-default\" data-id=\"42668fd\" data-element_type=\"section\">\n\t\t\t\t\t\t<div class=\"elementor-container elementor-column-gap-default\">\n\t\t\t\t\t<div class=\"elementor-column elementor-col-100 elementor-top-column elementor-element elementor-element-acad9d7\" data-id=\"acad9d7\" data-element_type=\"column\">\n\t\t\t<div class=\"elementor-widget-wrap elementor-element-populated\">\n\t\t\t\t\t\t\t\t<div class=\"elementor-element elementor-element-a1f4721 elementor-grid-4 elementor-grid-tablet-2 elementor-grid-mobile-1 elementor-widget elementor-widget-elementor-blog-posts\" data-id=\"a1f4721\" data-element_type=\"widget\" data-settings=\"{&quot;columns&quot;:&quot;4&quot;,&quot;columns_tablet&quot;:&quot;2&quot;,&quot;columns_mobile&quot;:&quot;1&quot;}\" data-widget_type=\"elementor-blog-posts.default\">\n\t\t\t\t<div class=\"elementor-widget-container\">\n\t\t\t\t\t<div class=\"wpcap-grid\">\n\t\t\t\t\t\t<div class=\"wpcap-grid-container elementor-grid wpcap-grid-desktop-4 wpcap-grid-tablet-2 wpcap-grid-mobile-1 grid-meta-bottom\">\n\n\t\t\t\t\n        <article id=\"post-623\" class=\"wpcap-post post-623 post type-post status-publish format-standard has-post-thumbnail hentry category-equipe-scientifique\">\n         \n            <div class=\"post-grid-inner\">\n            \t\n            \t\t\t\t<div class=\"post-grid-thumbnail\">\n\t\t\t\t<a href=\"http:\/\/91.121.2.216:8085\/ceraas\/index.php\/2021\/03\/25\/ndjido-ardo-kane\/\">\n\t\t\t\t\t<img loading=\"lazy\" decoding=\"async\" width=\"150\" height=\"150\" src=\"http:\/\/91.121.2.216:8085\/ceraas\/wp-content\/uploads\/2021\/03\/DR-kane-150x150.jpg\" class=\"attachment-thumbnail size-thumbnail wp-post-image\" alt=\"\" \/>\t\t\t\t<\/a>\n\t\t\t<\/div>\n        \n                <div class=\"post-grid-text-wrap\">\n               \t\t\t\t<h6 class=\"title\">\n\t\t\t<a href=\"http:\/\/91.121.2.216:8085\/ceraas\/index.php\/2021\/03\/25\/ndjido-ardo-kane\/\">Ndjido Ardo KANE<\/a>\n\t\t<\/h6>\n\t\t\t                \t\t<div class=\"post-grid-excerpt\">\n\t\t\t<p> PhD G\u00e9n\u00e9ticien des Plantes et Biologiste Mol\u00e9culaire<\/p>\n<p>Scientifique \u2013 Directeur du CERAAS<\/p>\n\t\t<\/div>\n\t\t\t                \t\t<a class=\"read-more-btn\" href=\"http:\/\/91.121.2.216:8085\/ceraas\/index.php\/2021\/03\/25\/ndjido-ardo-kane\/\"><\/a>\n\t\t                <\/div>\n\n                \n            <\/div><!-- .blog-inner -->\n           \n        <\/article>\n\n        \n        <article id=\"post-636\" class=\"wpcap-post post-636 post type-post status-publish format-standard has-post-thumbnail hentry category-equipe-scientifique\">\n         \n            <div class=\"post-grid-inner\">\n            \t\n            \t\t\t\t<div class=\"post-grid-thumbnail\">\n\t\t\t\t<a href=\"http:\/\/91.121.2.216:8085\/ceraas\/index.php\/2021\/03\/25\/mareme-niang-belko\/\">\n\t\t\t\t\t<img loading=\"lazy\" decoding=\"async\" width=\"150\" height=\"150\" src=\"http:\/\/91.121.2.216:8085\/ceraas\/wp-content\/uploads\/2021\/03\/DR-BELKO-150x150.jpg\" class=\"attachment-thumbnail size-thumbnail wp-post-image\" alt=\"\" \/>\t\t\t\t<\/a>\n\t\t\t<\/div>\n        \n                <div class=\"post-grid-text-wrap\">\n               \t\t\t\t<h6 class=\"title\">\n\t\t\t<a href=\"http:\/\/91.121.2.216:8085\/ceraas\/index.php\/2021\/03\/25\/mareme-niang-belko\/\">Mar\u00e8me Niang BELKO<\/a>\n\t\t<\/h6>\n\t\t\t                \t\t<div class=\"post-grid-excerpt\">\n\t\t\t<p>Agronome \/ PhD finaliste en Sciences Biologiques Appliqu\u00e9es \/ CERAAS Point Focal Genre Chercheur S\u00e9same \/ Physiologie-Elevage<\/p>\n\t\t<\/div>\n\t\t\t                \t\t<a class=\"read-more-btn\" href=\"http:\/\/91.121.2.216:8085\/ceraas\/index.php\/2021\/03\/25\/mareme-niang-belko\/\"><\/a>\n\t\t                <\/div>\n\n                \n            <\/div><!-- .blog-inner -->\n           \n        <\/article>\n\n        \n        <article id=\"post-639\" class=\"wpcap-post post-639 post type-post status-publish format-standard has-post-thumbnail hentry category-equipe-scientifique\">\n         \n            <div class=\"post-grid-inner\">\n            \t\n            \t\t\t\t<div class=\"post-grid-thumbnail\">\n\t\t\t\t<a href=\"http:\/\/91.121.2.216:8085\/ceraas\/index.php\/2021\/03\/25\/mame-codou-gueye\/\">\n\t\t\t\t\t<img loading=\"lazy\" decoding=\"async\" width=\"150\" height=\"150\" src=\"http:\/\/91.121.2.216:8085\/ceraas\/wp-content\/uploads\/2021\/03\/DR-GUEYE-MAME-CODOU-150x150.jpg\" class=\"attachment-thumbnail size-thumbnail wp-post-image\" alt=\"\" \/>\t\t\t\t<\/a>\n\t\t\t<\/div>\n        \n                <div class=\"post-grid-text-wrap\">\n               \t\t\t\t<h6 class=\"title\">\n\t\t\t<a href=\"http:\/\/91.121.2.216:8085\/ceraas\/index.php\/2021\/03\/25\/mame-codou-gueye\/\">Mame Codou GUEYE<\/a>\n\t\t<\/h6>\n\t\t\t                \t\t<div class=\"post-grid-excerpt\">\n\t\t\t<p>Molecular GeneticistScientist<\/p>\n\t\t<\/div>\n\t\t\t                \t\t<a class=\"read-more-btn\" href=\"http:\/\/91.121.2.216:8085\/ceraas\/index.php\/2021\/03\/25\/mame-codou-gueye\/\"><\/a>\n\t\t                <\/div>\n\n                \n            <\/div><!-- .blog-inner -->\n           \n        <\/article>\n\n        \n        <article id=\"post-640\" class=\"wpcap-post post-640 post type-post status-publish format-standard has-post-thumbnail hentry category-equipe-scientifique\">\n         \n            <div class=\"post-grid-inner\">\n            \t\n            \t\t\t\t<div class=\"post-grid-thumbnail\">\n\t\t\t\t<a href=\"http:\/\/91.121.2.216:8085\/ceraas\/index.php\/2021\/03\/25\/amadou-oury-diallo\/\">\n\t\t\t\t\t<img loading=\"lazy\" decoding=\"async\" width=\"150\" height=\"150\" src=\"http:\/\/91.121.2.216:8085\/ceraas\/wp-content\/uploads\/2021\/03\/DR-DIALLO-AW-150x150.jpg\" class=\"attachment-thumbnail size-thumbnail wp-post-image\" alt=\"\" \/>\t\t\t\t<\/a>\n\t\t\t<\/div>\n        \n                <div class=\"post-grid-text-wrap\">\n               \t\t\t\t<h6 class=\"title\">\n\t\t\t<a href=\"http:\/\/91.121.2.216:8085\/ceraas\/index.php\/2021\/03\/25\/amadou-oury-diallo\/\">Amadou Oury DIALLO<\/a>\n\t\t<\/h6>\n\t\t\t                \t\t<div class=\"post-grid-excerpt\">\n\t\t\t<p>PhD en Biochimie \u2013 Chercheur, Charg\u00e9 de Recherche<\/p>\n\t\t<\/div>\n\t\t\t                \t\t<a class=\"read-more-btn\" href=\"http:\/\/91.121.2.216:8085\/ceraas\/index.php\/2021\/03\/25\/amadou-oury-diallo\/\"><\/a>\n\t\t                <\/div>\n\n                \n            <\/div><!-- .blog-inner -->\n           \n        <\/article>\n\n        \n        <article id=\"post-700\" class=\"wpcap-post post-700 post type-post status-publish format-standard has-post-thumbnail hentry category-equipe-scientifique\">\n         \n            <div class=\"post-grid-inner\">\n            \t\n            \t\t\t\t<div class=\"post-grid-thumbnail\">\n\t\t\t\t<a href=\"http:\/\/91.121.2.216:8085\/ceraas\/index.php\/2021\/03\/26\/alain-audebert\/\">\n\t\t\t\t\t<img loading=\"lazy\" decoding=\"async\" width=\"150\" height=\"150\" src=\"http:\/\/91.121.2.216:8085\/ceraas\/wp-content\/uploads\/2021\/03\/DR-ALAIN-150x150.jpg\" class=\"attachment-thumbnail size-thumbnail wp-post-image\" alt=\"\" \/>\t\t\t\t<\/a>\n\t\t\t<\/div>\n        \n                <div class=\"post-grid-text-wrap\">\n               \t\t\t\t<h6 class=\"title\">\n\t\t\t<a href=\"http:\/\/91.121.2.216:8085\/ceraas\/index.php\/2021\/03\/26\/alain-audebert\/\">Alain Audebert<\/a>\n\t\t<\/h6>\n\t\t\t                \t\t<div class=\"post-grid-excerpt\">\n\t\t\t<p>PhD Physiologiste Chercheur<\/p>\n\t\t<\/div>\n\t\t\t                \t\t<a class=\"read-more-btn\" href=\"http:\/\/91.121.2.216:8085\/ceraas\/index.php\/2021\/03\/26\/alain-audebert\/\"><\/a>\n\t\t                <\/div>\n\n                \n            <\/div><!-- .blog-inner -->\n           \n        <\/article>\n\n        \n        <article id=\"post-701\" class=\"wpcap-post post-701 post type-post status-publish format-standard has-post-thumbnail hentry category-equipe-scientifique\">\n         \n            <div class=\"post-grid-inner\">\n            \t\n            \t\t\t\t<div class=\"post-grid-thumbnail\">\n\t\t\t\t<a href=\"http:\/\/91.121.2.216:8085\/ceraas\/index.php\/2021\/03\/26\/bassirou-sine\/\">\n\t\t\t\t\t<img loading=\"lazy\" decoding=\"async\" width=\"150\" height=\"150\" src=\"http:\/\/91.121.2.216:8085\/ceraas\/wp-content\/uploads\/2021\/03\/DR-SN-150x150.jpg\" class=\"attachment-thumbnail size-thumbnail wp-post-image\" alt=\"\" \/>\t\t\t\t<\/a>\n\t\t\t<\/div>\n        \n                <div class=\"post-grid-text-wrap\">\n               \t\t\t\t<h6 class=\"title\">\n\t\t\t<a href=\"http:\/\/91.121.2.216:8085\/ceraas\/index.php\/2021\/03\/26\/bassirou-sine\/\">Bassirou Sine<\/a>\n\t\t<\/h6>\n\t\t\t                \t\t<div class=\"post-grid-excerpt\">\n\t\t\t<p>Physiologie V\u00e9g\u00e9tale Charg\u00e9 de Recherches  Responsable de la plateforme de Ph\u00e9notypage<\/p>\n\t\t<\/div>\n\t\t\t                \t\t<a class=\"read-more-btn\" href=\"http:\/\/91.121.2.216:8085\/ceraas\/index.php\/2021\/03\/26\/bassirou-sine\/\"><\/a>\n\t\t                <\/div>\n\n                \n            <\/div><!-- .blog-inner -->\n           \n        <\/article>\n\n        \n        <article id=\"post-702\" class=\"wpcap-post post-702 post type-post status-publish format-standard has-post-thumbnail hentry category-equipe-scientifique\">\n         \n            <div class=\"post-grid-inner\">\n            \t\n            \t\t\t\t<div class=\"post-grid-thumbnail\">\n\t\t\t\t<a href=\"http:\/\/91.121.2.216:8085\/ceraas\/index.php\/2021\/03\/26\/alexandre-grondin\/\">\n\t\t\t\t\t<img loading=\"lazy\" decoding=\"async\" width=\"143\" height=\"131\" src=\"http:\/\/91.121.2.216:8085\/ceraas\/wp-content\/uploads\/2021\/03\/DR-ALEXANDRE-GRONDIN.jpg\" class=\"attachment-thumbnail size-thumbnail wp-post-image\" alt=\"\" \/>\t\t\t\t<\/a>\n\t\t\t<\/div>\n        \n                <div class=\"post-grid-text-wrap\">\n               \t\t\t\t<h6 class=\"title\">\n\t\t\t<a href=\"http:\/\/91.121.2.216:8085\/ceraas\/index.php\/2021\/03\/26\/alexandre-grondin\/\">Alexandre GRONDIN<\/a>\n\t\t<\/h6>\n\t\t\t                \t\t<div class=\"post-grid-excerpt\">\n\t\t\t<p>PhD en Physiologie mol\u00e9culaire des plantes \u2013 Chercheur <\/p>\n\t\t<\/div>\n\t\t\t                \t\t<a class=\"read-more-btn\" href=\"http:\/\/91.121.2.216:8085\/ceraas\/index.php\/2021\/03\/26\/alexandre-grondin\/\"><\/a>\n\t\t                <\/div>\n\n                \n            <\/div><!-- .blog-inner -->\n           \n        <\/article>\n\n        \n        <article id=\"post-706\" class=\"wpcap-post post-706 post type-post status-publish format-standard has-post-thumbnail hentry category-equipe-scientifique\">\n         \n            <div class=\"post-grid-inner\">\n            \t\n            \t\t\t\t<div class=\"post-grid-thumbnail\">\n\t\t\t\t<a href=\"http:\/\/91.121.2.216:8085\/ceraas\/index.php\/2021\/03\/26\/amy-bodian\/\">\n\t\t\t\t\t<img loading=\"lazy\" decoding=\"async\" width=\"122\" height=\"131\" src=\"http:\/\/91.121.2.216:8085\/ceraas\/wp-content\/uploads\/2021\/03\/DR-AMY-BODIAN.jpg\" class=\"attachment-thumbnail size-thumbnail wp-post-image\" alt=\"\" \/>\t\t\t\t<\/a>\n\t\t\t<\/div>\n        \n                <div class=\"post-grid-text-wrap\">\n               \t\t\t\t<h6 class=\"title\">\n\t\t\t<a href=\"http:\/\/91.121.2.216:8085\/ceraas\/index.php\/2021\/03\/26\/amy-bodian\/\">Amy BODIAN<\/a>\n\t\t<\/h6>\n\t\t\t                \t\t<div class=\"post-grid-excerpt\">\n\t\t\t<p>Doctorat unique en Biotechnologies v\u00e9g\u00e9tales, microbiennes et am\u00e9lioration des plantes Charg\u00e9 de Recherches Chercheur<\/p>\n\t\t<\/div>\n\t\t\t                \t\t<a class=\"read-more-btn\" href=\"http:\/\/91.121.2.216:8085\/ceraas\/index.php\/2021\/03\/26\/amy-bodian\/\"><\/a>\n\t\t                <\/div>\n\n                \n            <\/div><!-- .blog-inner -->\n           \n        <\/article>\n\n        \n        <article id=\"post-712\" class=\"wpcap-post post-712 post type-post status-publish format-standard has-post-thumbnail hentry category-equipe-scientifique\">\n         \n            <div class=\"post-grid-inner\">\n            \t\n            \t\t\t\t<div class=\"post-grid-thumbnail\">\n\t\t\t\t<a href=\"http:\/\/91.121.2.216:8085\/ceraas\/index.php\/2021\/03\/26\/diarietou-sambakhe\/\">\n\t\t\t\t\t<img loading=\"lazy\" decoding=\"async\" width=\"150\" height=\"150\" src=\"http:\/\/91.121.2.216:8085\/ceraas\/wp-content\/uploads\/2021\/03\/DR-SAMBAKHE-150x150.jpg\" class=\"attachment-thumbnail size-thumbnail wp-post-image\" alt=\"\" \/>\t\t\t\t<\/a>\n\t\t\t<\/div>\n        \n                <div class=\"post-grid-text-wrap\">\n               \t\t\t\t<h6 class=\"title\">\n\t\t\t<a href=\"http:\/\/91.121.2.216:8085\/ceraas\/index.php\/2021\/03\/26\/diarietou-sambakhe\/\">Diari\u00e9tou Sambakh\u00e9<\/a>\n\t\t<\/h6>\n\t\t\t                \t\t<div class=\"post-grid-excerpt\">\n\t\t\t<p>Phd Biostatistical Chercheur<\/p>\n\t\t<\/div>\n\t\t\t                \t\t<a class=\"read-more-btn\" href=\"http:\/\/91.121.2.216:8085\/ceraas\/index.php\/2021\/03\/26\/diarietou-sambakhe\/\"><\/a>\n\t\t                <\/div>\n\n                \n            <\/div><!-- .blog-inner -->\n           \n        <\/article>\n\n        \n        <article id=\"post-708\" class=\"wpcap-post post-708 post type-post status-publish format-standard has-post-thumbnail hentry category-equipe-scientifique\">\n         \n            <div class=\"post-grid-inner\">\n            \t\n            \t\t\t\t<div class=\"post-grid-thumbnail\">\n\t\t\t\t<a href=\"http:\/\/91.121.2.216:8085\/ceraas\/index.php\/2021\/03\/26\/daniel-fonceka\/\">\n\t\t\t\t\t<img loading=\"lazy\" decoding=\"async\" width=\"150\" height=\"150\" src=\"http:\/\/91.121.2.216:8085\/ceraas\/wp-content\/uploads\/2021\/03\/DR-FONCEKA-150x150.jpg\" class=\"attachment-thumbnail size-thumbnail wp-post-image\" alt=\"\" \/>\t\t\t\t<\/a>\n\t\t\t<\/div>\n        \n                <div class=\"post-grid-text-wrap\">\n               \t\t\t\t<h6 class=\"title\">\n\t\t\t<a href=\"http:\/\/91.121.2.216:8085\/ceraas\/index.php\/2021\/03\/26\/daniel-fonceka\/\">Daniel Fonceka<\/a>\n\t\t<\/h6>\n\t\t\t                \t\t<div class=\"post-grid-excerpt\">\n\t\t\t<p>Chercheur<\/p>\n\t\t<\/div>\n\t\t\t                \t\t<a class=\"read-more-btn\" href=\"http:\/\/91.121.2.216:8085\/ceraas\/index.php\/2021\/03\/26\/daniel-fonceka\/\"><\/a>\n\t\t                <\/div>\n\n                \n            <\/div><!-- .blog-inner -->\n           \n        <\/article>\n\n        \n        <article id=\"post-709\" class=\"wpcap-post post-709 post type-post status-publish format-standard has-post-thumbnail hentry category-equipe-scientifique\">\n         \n            <div class=\"post-grid-inner\">\n            \t\n            \t\t\t\t<div class=\"post-grid-thumbnail\">\n\t\t\t\t<a href=\"http:\/\/91.121.2.216:8085\/ceraas\/index.php\/2021\/03\/26\/tossim-hodo-abalo\/\">\n\t\t\t\t\t<img loading=\"lazy\" decoding=\"async\" width=\"150\" height=\"150\" src=\"http:\/\/91.121.2.216:8085\/ceraas\/wp-content\/uploads\/2021\/03\/tossoum-150x150-1.png\" class=\"attachment-thumbnail size-thumbnail wp-post-image\" alt=\"\" \/>\t\t\t\t<\/a>\n\t\t\t<\/div>\n        \n                <div class=\"post-grid-text-wrap\">\n               \t\t\t\t<h6 class=\"title\">\n\t\t\t<a href=\"http:\/\/91.121.2.216:8085\/ceraas\/index.php\/2021\/03\/26\/tossim-hodo-abalo\/\">TOSSIM HODO-ABALO<\/a>\n\t\t<\/h6>\n\t\t\t                \t\t<div class=\"post-grid-excerpt\">\n\t\t\t<p>Agronomist<\/p>\n\t\t<\/div>\n\t\t\t                \t\t<a class=\"read-more-btn\" href=\"http:\/\/91.121.2.216:8085\/ceraas\/index.php\/2021\/03\/26\/tossim-hodo-abalo\/\"><\/a>\n\t\t                <\/div>\n\n                \n            <\/div><!-- .blog-inner -->\n           \n        <\/article>\n\n        \n        <article id=\"post-710\" class=\"wpcap-post post-710 post type-post status-publish format-standard has-post-thumbnail hentry category-equipe-scientifique\">\n         \n            <div class=\"post-grid-inner\">\n            \t\n            \t\t\t\t<div class=\"post-grid-thumbnail\">\n\t\t\t\t<a href=\"http:\/\/91.121.2.216:8085\/ceraas\/index.php\/2021\/03\/26\/elisabeth-a-m-c-diop-diagne\/\">\n\t\t\t\t\t<img loading=\"lazy\" decoding=\"async\" width=\"150\" height=\"150\" src=\"http:\/\/91.121.2.216:8085\/ceraas\/wp-content\/uploads\/2021\/03\/DR-ELISABETH-AMC-DIOP-150x150.jpg\" class=\"attachment-thumbnail size-thumbnail wp-post-image\" alt=\"\" \/>\t\t\t\t<\/a>\n\t\t\t<\/div>\n        \n                <div class=\"post-grid-text-wrap\">\n               \t\t\t\t<h6 class=\"title\">\n\t\t\t<a href=\"http:\/\/91.121.2.216:8085\/ceraas\/index.php\/2021\/03\/26\/elisabeth-a-m-c-diop-diagne\/\">Elisabeth A M C Diop Diagne<\/a>\n\t\t<\/h6>\n\t\t\t                \t\t<div class=\"post-grid-excerpt\">\n\t\t\t<p>Assistante  de Recherches en biologie mol\u00e9culaire\/ Responsable qualit\u00e9<\/p>\n\t\t<\/div>\n\t\t\t                \t\t<a class=\"read-more-btn\" href=\"http:\/\/91.121.2.216:8085\/ceraas\/index.php\/2021\/03\/26\/elisabeth-a-m-c-diop-diagne\/\"><\/a>\n\t\t                <\/div>\n\n                \n            <\/div><!-- .blog-inner -->\n           \n        <\/article>\n\n        \n        <article id=\"post-717\" class=\"wpcap-post post-717 post type-post status-publish format-standard has-post-thumbnail hentry category-equipe-scientifique\">\n         \n            <div class=\"post-grid-inner\">\n            \t\n            \t\t\t\t<div class=\"post-grid-thumbnail\">\n\t\t\t\t<a href=\"http:\/\/91.121.2.216:8085\/ceraas\/index.php\/2021\/03\/26\/maguette-seye\/\">\n\t\t\t\t\t<img loading=\"lazy\" decoding=\"async\" width=\"150\" height=\"150\" src=\"http:\/\/91.121.2.216:8085\/ceraas\/wp-content\/uploads\/2021\/03\/MAGUETTE-SEYE-150x150.jpg\" class=\"attachment-thumbnail size-thumbnail wp-post-image\" alt=\"\" \/>\t\t\t\t<\/a>\n\t\t\t<\/div>\n        \n                <div class=\"post-grid-text-wrap\">\n               \t\t\t\t<h6 class=\"title\">\n\t\t\t<a href=\"http:\/\/91.121.2.216:8085\/ceraas\/index.php\/2021\/03\/26\/maguette-seye\/\">Maguette SEYE<\/a>\n\t\t<\/h6>\n\t\t\t                \t\t<div class=\"post-grid-excerpt\">\n\t\t\t<p>Ing\u00e9nieur des travaux, Institut s\u00e9n\u00e9galais de recherche agricole<\/p>\n\t\t<\/div>\n\t\t\t                \t\t<a class=\"read-more-btn\" href=\"http:\/\/91.121.2.216:8085\/ceraas\/index.php\/2021\/03\/26\/maguette-seye\/\"><\/a>\n\t\t                <\/div>\n\n                \n            <\/div><!-- .blog-inner -->\n           \n        <\/article>\n\n        \n        <article id=\"post-718\" class=\"wpcap-post post-718 post type-post status-publish format-standard has-post-thumbnail hentry category-equipe-scientifique\">\n         \n            <div class=\"post-grid-inner\">\n            \t\n            \t\t\t\t<div class=\"post-grid-thumbnail\">\n\t\t\t\t<a href=\"http:\/\/91.121.2.216:8085\/ceraas\/index.php\/2021\/03\/26\/rose-diambogne-diouf\/\">\n\t\t\t\t\t<img loading=\"lazy\" decoding=\"async\" width=\"150\" height=\"150\" src=\"http:\/\/91.121.2.216:8085\/ceraas\/wp-content\/uploads\/2021\/03\/ROSE-DIAMBOGNE-DIOUF-150x150.jpg\" class=\"attachment-thumbnail size-thumbnail wp-post-image\" alt=\"\" srcset=\"http:\/\/91.121.2.216:8085\/ceraas\/wp-content\/uploads\/2021\/03\/ROSE-DIAMBOGNE-DIOUF-150x150.jpg 150w, http:\/\/91.121.2.216:8085\/ceraas\/wp-content\/uploads\/2021\/03\/ROSE-DIAMBOGNE-DIOUF-300x300.jpg 300w, http:\/\/91.121.2.216:8085\/ceraas\/wp-content\/uploads\/2021\/03\/ROSE-DIAMBOGNE-DIOUF.jpg 359w\" sizes=\"auto, (max-width: 150px) 100vw, 150px\" \/>\t\t\t\t<\/a>\n\t\t\t<\/div>\n        \n                <div class=\"post-grid-text-wrap\">\n               \t\t\t\t<h6 class=\"title\">\n\t\t\t<a href=\"http:\/\/91.121.2.216:8085\/ceraas\/index.php\/2021\/03\/26\/rose-diambogne-diouf\/\">Rose Diambogne Diouf<\/a>\n\t\t<\/h6>\n\t\t\t                \t\t<div class=\"post-grid-excerpt\">\n\t\t\t<p>Ing\u00e9nieur des travaux, Institut s\u00e9n\u00e9galais de recherche agricole<\/p>\n\t\t<\/div>\n\t\t\t                \t\t<a class=\"read-more-btn\" href=\"http:\/\/91.121.2.216:8085\/ceraas\/index.php\/2021\/03\/26\/rose-diambogne-diouf\/\"><\/a>\n\t\t                <\/div>\n\n                \n            <\/div><!-- .blog-inner -->\n           \n        <\/article>\n\n        \n        <article id=\"post-719\" class=\"wpcap-post post-719 post type-post status-publish format-standard has-post-thumbnail hentry category-equipe-scientifique\">\n         \n            <div class=\"post-grid-inner\">\n            \t\n            \t\t\t\t<div class=\"post-grid-thumbnail\">\n\t\t\t\t<a href=\"http:\/\/91.121.2.216:8085\/ceraas\/index.php\/2021\/03\/26\/mbaye-sarr-diop\/\">\n\t\t\t\t\t<img loading=\"lazy\" decoding=\"async\" width=\"104\" height=\"138\" src=\"http:\/\/91.121.2.216:8085\/ceraas\/wp-content\/uploads\/2021\/03\/MBAYE-SARR-DIOP.jpg\" class=\"attachment-thumbnail size-thumbnail wp-post-image\" alt=\"\" \/>\t\t\t\t<\/a>\n\t\t\t<\/div>\n        \n                <div class=\"post-grid-text-wrap\">\n               \t\t\t\t<h6 class=\"title\">\n\t\t\t<a href=\"http:\/\/91.121.2.216:8085\/ceraas\/index.php\/2021\/03\/26\/mbaye-sarr-diop\/\">Mbaye Sarr DIOP<\/a>\n\t\t<\/h6>\n\t\t\t                \t\t<div class=\"post-grid-excerpt\">\n\t\t\t<p>Ing\u00e9nieur des travaux<\/p>\n\t\t<\/div>\n\t\t\t                \t\t<a class=\"read-more-btn\" href=\"http:\/\/91.121.2.216:8085\/ceraas\/index.php\/2021\/03\/26\/mbaye-sarr-diop\/\"><\/a>\n\t\t                <\/div>\n\n                \n            <\/div><!-- .blog-inner -->\n           \n        <\/article>\n\n        \n        <article id=\"post-770\" class=\"wpcap-post post-770 post type-post status-publish format-standard has-post-thumbnail hentry category-equipe-scientifique\">\n         \n            <div class=\"post-grid-inner\">\n            \t\n            \t\t\t\t<div class=\"post-grid-thumbnail\">\n\t\t\t\t<a href=\"http:\/\/91.121.2.216:8085\/ceraas\/index.php\/2021\/03\/26\/romiel-badji\/\">\n\t\t\t\t\t<img loading=\"lazy\" decoding=\"async\" width=\"150\" height=\"150\" src=\"http:\/\/91.121.2.216:8085\/ceraas\/wp-content\/uploads\/2021\/03\/ROMIEL-BADJI-150x150.png\" class=\"attachment-thumbnail size-thumbnail wp-post-image\" alt=\"\" \/>\t\t\t\t<\/a>\n\t\t\t<\/div>\n        \n                <div class=\"post-grid-text-wrap\">\n               \t\t\t\t<h6 class=\"title\">\n\t\t\t<a href=\"http:\/\/91.121.2.216:8085\/ceraas\/index.php\/2021\/03\/26\/romiel-badji\/\">Romiel BADJI<\/a>\n\t\t<\/h6>\n\t\t\t                \t\t<div class=\"post-grid-excerpt\">\n\t\t\t<p>Agent Technique d\u2019Agriculture<\/p>\n\t\t<\/div>\n\t\t\t                \t\t<a class=\"read-more-btn\" href=\"http:\/\/91.121.2.216:8085\/ceraas\/index.php\/2021\/03\/26\/romiel-badji\/\"><\/a>\n\t\t                <\/div>\n\n                \n            <\/div><!-- .blog-inner -->\n           \n        <\/article>\n\n        \n\t\t\t<\/div>\t\t\t      \t\t\t\t\t\t               \n\t\t<\/div>\n\t\t\t\t<\/div>\n\t\t\t\t<\/div>\n\t\t\t\t\t<\/div>\n\t\t<\/div>\n\t\t\t\t\t\t\t<\/div>\n\t\t<\/section>\n\t\t\t\t\t\t<\/div>\n\t\t\t\t\t<\/div>\n\t\t","protected":false},"excerpt":{"rendered":"<p>Ndjido Ardo KANE PhD G\u00e9n\u00e9ticien des Plantes et Biologiste Mol\u00e9culaire Scientifique \u2013 Directeur du CERAAS Mar\u00e8me Niang BELKO Agronome \/ PhD finaliste en Sciences Biologiques Appliqu\u00e9es \/ CERAAS Point Focal Genre Chercheur S\u00e9same \/ Physiologie-Elevage Mame Codou GUEYE Molecular GeneticistScientist Amadou Oury DIALLO PhD en Biochimie \u2013 Chercheur, Charg\u00e9 de [&hellip;]<\/p>\n","protected":false},"author":1,"featured_media":0,"parent":0,"menu_order":0,"comment_status":"closed","ping_status":"closed","template":"page-templates\/template-pagebuilder-full-width.php","meta":{"footnotes":""},"class_list":["post-67","page","type-page","status-publish","hentry"],"_links":{"self":[{"href":"http:\/\/91.121.2.216:8085\/ceraas\/index.php\/wp-json\/wp\/v2\/pages\/67","targetHints":{"allow":["GET"]}}],"collection":[{"href":"http:\/\/91.121.2.216:8085\/ceraas\/index.php\/wp-json\/wp\/v2\/pages"}],"about":[{"href":"http:\/\/91.121.2.216:8085\/ceraas\/index.php\/wp-json\/wp\/v2\/types\/page"}],"author":[{"embeddable":true,"href":"http:\/\/91.121.2.216:8085\/ceraas\/index.php\/wp-json\/wp\/v2\/users\/1"}],"replies":[{"embeddable":true,"href":"http:\/\/91.121.2.216:8085\/ceraas\/index.php\/wp-json\/wp\/v2\/comments?post=67"}],"version-history":[{"count":21,"href":"http:\/\/91.121.2.216:8085\/ceraas\/index.php\/wp-json\/wp\/v2\/pages\/67\/revisions"}],"predecessor-version":[{"id":888,"href":"http:\/\/91.121.2.216:8085\/ceraas\/index.php\/wp-json\/wp\/v2\/pages\/67\/revisions\/888"}],"wp:attachment":[{"href":"http:\/\/91.121.2.216:8085\/ceraas\/index.php\/wp-json\/wp\/v2\/media?parent=67"}],"curies":[{"name":"wp","href":"https:\/\/api.w.org\/{rel}","templated":true}]}}