{"id":58,"date":"2021-03-14T18:12:11","date_gmt":"2021-03-14T17:12:11","guid":{"rendered":"http:\/\/localhost\/ceraas\/?page_id=58"},"modified":"2021-05-03T15:27:06","modified_gmt":"2021-05-03T13:27:06","slug":"mandat","status":"publish","type":"page","link":"http:\/\/91.121.2.216:8085\/ceraas\/index.php\/mandat\/","title":{"rendered":"Mandat"},"content":{"rendered":"\t\t<div data-elementor-type=\"wp-page\" data-elementor-id=\"58\" class=\"elementor elementor-58\" data-elementor-settings=\"[]\">\n\t\t\t\t\t\t\t<div class=\"elementor-section-wrap\">\n\t\t\t\t\t\t\t<section class=\"elementor-section elementor-top-section elementor-element elementor-element-33261df elementor-section-boxed elementor-section-height-default elementor-section-height-default\" data-id=\"33261df\" data-element_type=\"section\">\n\t\t\t\t\t\t<div class=\"elementor-container elementor-column-gap-default\">\n\t\t\t\t\t<div class=\"elementor-column elementor-col-100 elementor-top-column elementor-element elementor-element-ade6c91\" data-id=\"ade6c91\" data-element_type=\"column\">\n\t\t\t<div class=\"elementor-widget-wrap elementor-element-populated\">\n\t\t\t\t\t\t\t\t<div class=\"elementor-element elementor-element-360a255 elementor-widget elementor-widget-spacer\" data-id=\"360a255\" data-element_type=\"widget\" data-widget_type=\"spacer.default\">\n\t\t\t\t<div class=\"elementor-widget-container\">\n\t\t\t\t\t<div class=\"elementor-spacer\">\n\t\t\t<div class=\"elementor-spacer-inner\"><\/div>\n\t\t<\/div>\n\t\t\t\t<\/div>\n\t\t\t\t<\/div>\n\t\t\t\t\t<\/div>\n\t\t<\/div>\n\t\t\t\t\t\t\t<\/div>\n\t\t<\/section>\n\t\t\t\t<section class=\"elementor-section elementor-top-section elementor-element elementor-element-73cea5d elementor-section-boxed elementor-section-height-default elementor-section-height-default\" data-id=\"73cea5d\" data-element_type=\"section\">\n\t\t\t\t\t\t<div class=\"elementor-container elementor-column-gap-default\">\n\t\t\t\t\t<div class=\"elementor-column elementor-col-100 elementor-top-column elementor-element elementor-element-83d0938\" data-id=\"83d0938\" data-element_type=\"column\">\n\t\t\t<div class=\"elementor-widget-wrap elementor-element-populated\">\n\t\t\t\t\t\t\t\t<div class=\"elementor-element elementor-element-70a55a1 elementor-widget elementor-widget-heading\" data-id=\"70a55a1\" data-element_type=\"widget\" data-widget_type=\"heading.default\">\n\t\t\t\t<div class=\"elementor-widget-container\">\n\t\t\t<h3 class=\"elementor-heading-title elementor-size-default\">Mandat r\u00e9gional<\/h3>\t\t<\/div>\n\t\t\t\t<\/div>\n\t\t\t\t<div class=\"elementor-element elementor-element-4f04757 elementor-widget elementor-widget-text-editor\" data-id=\"4f04757\" data-element_type=\"widget\" data-widget_type=\"text-editor.default\">\n\t\t\t\t<div class=\"elementor-widget-container\">\n\t\t\t\t\t<div class=\"elementor-text-editor elementor-clearfix\"><p><span style=\"font-size: 20.0pt; font-family: 'Trebuchet MS'; mso-ascii-font-family: 'Trebuchet MS'; mso-fareast-font-family: Cambria; mso-bidi-font-family: 'Times New Roman'; mso-ascii-theme-font: minor-latin; color: black; mso-color-index: 1; mso-font-kerning: 12.0pt; language: fr; mso-style-textfill-type: solid; mso-style-textfill-fill-themecolor: text1; mso-style-textfill-fill-color: black; mso-style-textfill-fill-alpha: 100.0%;\">Fournir des solutions techniques pour att\u00e9nuer l&rsquo;effet d\u00e9pressif de la s\u00e9cheresse sur les productions agricoles afin de r\u00e9duire le d\u00e9ficit <\/span><span style=\"font-size: 24.0pt; font-family: 'Trebuchet MS'; mso-ascii-font-family: 'Trebuchet MS'; mso-fareast-font-family: Cambria; mso-bidi-font-family: 'Times New Roman'; mso-ascii-theme-font: minor-latin; color: #db38dd; mso-font-kerning: 12.0pt; language: fr; font-weight: bold; mso-style-textfill-type: solid; mso-style-textfill-fill-color: #DB38DD; mso-style-textfill-fill-alpha: 100.0%;\">alimentaire<\/span><span style=\"font-size: 20.0pt; font-family: 'Trebuchet MS'; mso-ascii-font-family: 'Trebuchet MS'; mso-fareast-font-family: Cambria; mso-bidi-font-family: 'Times New Roman'; mso-ascii-theme-font: minor-latin; color: black; mso-color-index: 1; mso-font-kerning: 12.0pt; language: fr; mso-style-textfill-type: solid; mso-style-textfill-fill-themecolor: text1; mso-style-textfill-fill-color: black; mso-style-textfill-fill-alpha: 100.0%;\"> et <\/span><span style=\"font-size: 24.0pt; font-family: 'Trebuchet MS'; mso-ascii-font-family: 'Trebuchet MS'; mso-fareast-font-family: Cambria; mso-bidi-font-family: 'Times New Roman'; mso-ascii-theme-font: minor-latin; color: #0070c0; mso-font-kerning: 12.0pt; language: fr; font-weight: bold; mso-style-textfill-type: solid; mso-style-textfill-fill-color: #0070C0; mso-style-textfill-fill-alpha: 100.0%;\">nutritionnel<\/span><span style=\"font-size: 20.0pt; font-family: 'Trebuchet MS'; mso-ascii-font-family: 'Trebuchet MS'; mso-fareast-font-family: Cambria; mso-bidi-font-family: 'Times New Roman'; mso-ascii-theme-font: minor-latin; color: black; mso-color-index: 1; mso-font-kerning: 12.0pt; language: fr; mso-style-textfill-type: solid; mso-style-textfill-fill-themecolor: text1; mso-style-textfill-fill-color: black; mso-style-textfill-fill-alpha: 100.0%;\"> et am\u00e9liorer le <\/span><span style=\"font-size: 24.0pt; font-family: 'Trebuchet MS'; mso-ascii-font-family: 'Trebuchet MS'; mso-fareast-font-family: Cambria; mso-bidi-font-family: 'Times New Roman'; mso-ascii-theme-font: minor-latin; color: #d47313; mso-font-kerning: 12.0pt; language: fr; font-weight: bold; mso-style-textfill-type: solid; mso-style-textfill-fill-color: #D47313; mso-style-textfill-fill-alpha: 100.0%;\">niveau de vie<\/span><span style=\"font-size: 20.0pt; font-family: 'Trebuchet MS'; mso-ascii-font-family: 'Trebuchet MS'; mso-fareast-font-family: Cambria; mso-bidi-font-family: 'Times New Roman'; mso-ascii-theme-font: minor-latin; color: #d47313; mso-font-kerning: 12.0pt; language: fr; font-weight: bold; mso-style-textfill-type: solid; mso-style-textfill-fill-color: #D47313; mso-style-textfill-fill-alpha: 100.0%;\"> <\/span><span style=\"font-size: 20.0pt; font-family: 'Trebuchet MS'; mso-ascii-font-family: 'Trebuchet MS'; mso-fareast-font-family: Cambria; mso-bidi-font-family: 'Times New Roman'; mso-ascii-theme-font: minor-latin; color: black; mso-color-index: 1; mso-font-kerning: 12.0pt; language: fr; mso-style-textfill-type: solid; mso-style-textfill-fill-themecolor: text1; mso-style-textfill-fill-color: black; mso-style-textfill-fill-alpha: 100.0%;\">des populations d\u2019Afrique de l\u2019Ouest et du Centre.<\/span><\/p><\/div>\n\t\t\t\t<\/div>\n\t\t\t\t<\/div>\n\t\t\t\t\t<\/div>\n\t\t<\/div>\n\t\t\t\t\t\t\t<\/div>\n\t\t<\/section>\n\t\t\t\t<section class=\"elementor-section elementor-top-section elementor-element elementor-element-e66a150 elementor-section-boxed elementor-section-height-default elementor-section-height-default\" data-id=\"e66a150\" data-element_type=\"section\">\n\t\t\t\t\t\t<div class=\"elementor-container elementor-column-gap-default\">\n\t\t\t\t\t<div class=\"elementor-column elementor-col-50 elementor-top-column elementor-element elementor-element-c947fea\" data-id=\"c947fea\" data-element_type=\"column\">\n\t\t\t<div class=\"elementor-widget-wrap elementor-element-populated\">\n\t\t\t\t\t\t\t\t<div class=\"elementor-element elementor-element-c3edbff elementor-widget elementor-widget-spacer\" data-id=\"c3edbff\" data-element_type=\"widget\" data-widget_type=\"spacer.default\">\n\t\t\t\t<div class=\"elementor-widget-container\">\n\t\t\t\t\t<div class=\"elementor-spacer\">\n\t\t\t<div class=\"elementor-spacer-inner\"><\/div>\n\t\t<\/div>\n\t\t\t\t<\/div>\n\t\t\t\t<\/div>\n\t\t\t\t<div class=\"elementor-element elementor-element-4ffe353 elementor-widget elementor-widget-image\" data-id=\"4ffe353\" data-element_type=\"widget\" data-widget_type=\"image.default\">\n\t\t\t\t<div class=\"elementor-widget-container\">\n\t\t\t\t\t<div class=\"elementor-image\">\n\t\t\t\t\t\t\t\t\t\t<img loading=\"lazy\" decoding=\"async\" width=\"469\" height=\"320\" src=\"http:\/\/91.121.2.216:8085\/ceraas\/wp-content\/uploads\/2021\/04\/Image1.png\" class=\"attachment-2048x2048 size-2048x2048\" alt=\"\" srcset=\"http:\/\/91.121.2.216:8085\/ceraas\/wp-content\/uploads\/2021\/04\/Image1.png 469w, http:\/\/91.121.2.216:8085\/ceraas\/wp-content\/uploads\/2021\/04\/Image1-300x205.png 300w\" sizes=\"auto, (max-width: 469px) 100vw, 469px\" \/>\t\t\t\t\t\t\t\t\t\t\t<\/div>\n\t\t\t\t<\/div>\n\t\t\t\t<\/div>\n\t\t\t\t\t<\/div>\n\t\t<\/div>\n\t\t\t\t<div class=\"elementor-column elementor-col-50 elementor-top-column elementor-element elementor-element-186a0c6\" data-id=\"186a0c6\" data-element_type=\"column\">\n\t\t\t<div class=\"elementor-widget-wrap elementor-element-populated\">\n\t\t\t\t\t\t\t\t<div class=\"elementor-element elementor-element-fbb6302 elementor-widget elementor-widget-image\" data-id=\"fbb6302\" data-element_type=\"widget\" data-widget_type=\"image.default\">\n\t\t\t\t<div class=\"elementor-widget-container\">\n\t\t\t\t\t<div class=\"elementor-image\">\n\t\t\t\t\t\t\t\t\t\t<img loading=\"lazy\" decoding=\"async\" width=\"691\" height=\"784\" src=\"http:\/\/91.121.2.216:8085\/ceraas\/wp-content\/uploads\/2021\/04\/Image2.png\" class=\"attachment-large size-large\" alt=\"\" srcset=\"http:\/\/91.121.2.216:8085\/ceraas\/wp-content\/uploads\/2021\/04\/Image2.png 691w, http:\/\/91.121.2.216:8085\/ceraas\/wp-content\/uploads\/2021\/04\/Image2-264x300.png 264w\" sizes=\"auto, (max-width: 691px) 100vw, 691px\" \/>\t\t\t\t\t\t\t\t\t\t\t<\/div>\n\t\t\t\t<\/div>\n\t\t\t\t<\/div>\n\t\t\t\t\t<\/div>\n\t\t<\/div>\n\t\t\t\t\t\t\t<\/div>\n\t\t<\/section>\n\t\t\t\t<section class=\"elementor-section elementor-top-section elementor-element elementor-element-c531fec elementor-section-boxed elementor-section-height-default elementor-section-height-default\" data-id=\"c531fec\" data-element_type=\"section\">\n\t\t\t\t\t\t<div class=\"elementor-container elementor-column-gap-default\">\n\t\t\t\t\t<div class=\"elementor-column elementor-col-100 elementor-top-column elementor-element elementor-element-45fe84b\" data-id=\"45fe84b\" data-element_type=\"column\">\n\t\t\t<div class=\"elementor-widget-wrap elementor-element-populated\">\n\t\t\t\t\t\t\t\t<div class=\"elementor-element elementor-element-1d3eab3 elementor-widget elementor-widget-text-editor\" data-id=\"1d3eab3\" data-element_type=\"widget\" data-widget_type=\"text-editor.default\">\n\t\t\t\t<div class=\"elementor-widget-container\">\n\t\t\t\t\t<div class=\"elementor-text-editor elementor-clearfix\"><span style=\"font-size: 20.0pt; font-family: 'Trebuchet MS'; mso-ascii-font-family: 'Trebuchet MS'; mso-fareast-font-family: Cambria; mso-bidi-font-family: 'Times New Roman'; mso-ascii-theme-font: minor-latin; color: black; mso-color-index: 1; mso-font-kerning: 12.0pt; language: fr; mso-style-textfill-type: solid; mso-style-textfill-fill-themecolor: text1; mso-style-textfill-fill-color: black; mso-style-textfill-fill-alpha: 100.0%;\"><\/span><span style=\"font-size: 24.0pt; font-family: 'Trebuchet MS'; mso-ascii-font-family: 'Trebuchet MS'; mso-fareast-font-family: Cambria; mso-bidi-font-family: 'Times New Roman'; mso-ascii-theme-font: minor-latin; color: #db38dd; mso-font-kerning: 12.0pt; language: fr; font-weight: bold; mso-style-textfill-type: solid; mso-style-textfill-fill-color: #DB38DD; mso-style-textfill-fill-alpha: 100.0%;\"><\/span><span style=\"font-size: 20.0pt; font-family: 'Trebuchet MS'; mso-ascii-font-family: 'Trebuchet MS'; mso-fareast-font-family: Cambria; mso-bidi-font-family: 'Times New Roman'; mso-ascii-theme-font: minor-latin; color: black; mso-color-index: 1; mso-font-kerning: 12.0pt; language: fr; mso-style-textfill-type: solid; mso-style-textfill-fill-themecolor: text1; mso-style-textfill-fill-color: black; mso-style-textfill-fill-alpha: 100.0%;\"><\/span><span style=\"font-size: 24.0pt; font-family: 'Trebuchet MS'; mso-ascii-font-family: 'Trebuchet MS'; mso-fareast-font-family: Cambria; mso-bidi-font-family: 'Times New Roman'; mso-ascii-theme-font: minor-latin; color: #0070c0; mso-font-kerning: 12.0pt; language: fr; font-weight: bold; mso-style-textfill-type: solid; mso-style-textfill-fill-color: #0070C0; mso-style-textfill-fill-alpha: 100.0%;\"><\/span><span style=\"font-size: 20.0pt; font-family: 'Trebuchet MS'; mso-ascii-font-family: 'Trebuchet MS'; mso-fareast-font-family: Cambria; mso-bidi-font-family: 'Times New Roman'; mso-ascii-theme-font: minor-latin; color: black; mso-color-index: 1; mso-font-kerning: 12.0pt; language: fr; mso-style-textfill-type: solid; mso-style-textfill-fill-themecolor: text1; mso-style-textfill-fill-color: black; mso-style-textfill-fill-alpha: 100.0%;\"><\/span><span style=\"font-size: 24.0pt; font-family: 'Trebuchet MS'; mso-ascii-font-family: 'Trebuchet MS'; mso-fareast-font-family: Cambria; mso-bidi-font-family: 'Times New Roman'; mso-ascii-theme-font: minor-latin; color: #d47313; mso-font-kerning: 12.0pt; language: fr; font-weight: bold; mso-style-textfill-type: solid; mso-style-textfill-fill-color: #D47313; mso-style-textfill-fill-alpha: 100.0%;\"><\/span><span style=\"font-size: 20.0pt; font-family: 'Trebuchet MS'; mso-ascii-font-family: 'Trebuchet MS'; mso-fareast-font-family: Cambria; mso-bidi-font-family: 'Times New Roman'; mso-ascii-theme-font: minor-latin; color: #d47313; mso-font-kerning: 12.0pt; language: fr; font-weight: bold; mso-style-textfill-type: solid; mso-style-textfill-fill-color: #D47313; mso-style-textfill-fill-alpha: 100.0%;\"><\/span><span style=\"font-size: 20.0pt; font-family: 'Trebuchet MS'; mso-ascii-font-family: 'Trebuchet MS'; mso-fareast-font-family: Cambria; mso-bidi-font-family: 'Times New Roman'; mso-ascii-theme-font: minor-latin; color: black; mso-color-index: 1; mso-font-kerning: 12.0pt; language: fr; mso-style-textfill-type: solid; mso-style-textfill-fill-themecolor: text1; mso-style-textfill-fill-color: black; mso-style-textfill-fill-alpha: 100.0%;\">\nLe Centre d\u2019Etude pour l\u2019Am\u00e9lioration de l\u2019Adaptation \u00e0 la S\u00e9cheresse (CERAAS) est un centre de l\u2019Institut S\u00e9n\u00e9galais de Recherches Agricoles (ISRA) et qui a une vocation r\u00e9gionale. Son mandat est de contribuer \u00e0 am\u00e9liorer l\u2019adaptation \u00e0 la s\u00e9cheresse des esp\u00e8ces cultiv\u00e9es par la conduite de recherches et de formation. Le CERAAS a pour objectif principal d\u2019identifier et de promouvoir les technologies et les innovations adapt\u00e9es aux conditions climatiques et agro\u00e9cologiques des pays en zones arides et semi-arides. Sp\u00e9cifiquement, le CERAAS doit contribuer \u00e0 l\u2019augmentation de la productivit\u00e9 agricole et au d\u00e9veloppement \u00e9conomique des populations en mettant \u00e0 disposition ces technologies et innovations g\u00e9n\u00e9r\u00e9es au S\u00e9n\u00e9gal et de les diffuser aux pays de l\u2019Afrique de l\u2019Ouest et du Centre, voire au-del\u00e0.\nPour atteindre ces objectifs, le CERAAS : i) s\u2019appuie sur des partenaires \u00e0 tous les niveaux, ii) conduit une recherche pilot\u00e9e par la demande et prenant en compte les cha\u00eenes de valeur, iii) apporte une assistance scientifique et technique dans l\u2019\u00e9laboration et la mise en \u0153uvre de projets de recherche (et politiques) pour la lutte contre le changement climatique, l\u2019ins\u00e9curit\u00e9 alimentaire et nutritionnelle et la promotion d\u2019une agriculture durable.\n\nAvec le programme de productivit\u00e9 de l\u2019agriculture en Afrique de l\u2019Ouest (PPAAO\/WAAPP) ex\u00e9cut\u00e9 de 2007 \u00e0 2017, le CERAAS a \u00e9t\u00e9 un Centre National de Sp\u00e9cialisation (CNS) abordant des questions de recherche en lien avec la tol\u00e9rance \u00e0 la s\u00e9cheresse, la s\u00e9lection et l\u2019am\u00e9lioration vari\u00e9tale, la qualit\u00e9 nutritive des grains, la r\u00e9sistance aux maladies, etc. Le CERAAS a, en lien avec deux autres centres de l\u2019ISRA (CNRA de Bambey et BAME), l\u2019ITA et l\u2019ENSA, est devenu une plateforme d\u2019\u00e9changes de technologies et d\u2019innovations qui permet aux pays de l\u2019Afrique de l\u2019Ouest et du Centre d\u2019am\u00e9liorer l\u2019adaptation des plantes \u00e0 la s\u00e9cheresse. Il vient d\u2019\u00eatre lab\u00e9lis\u00e9 par la CEDEAO Centre R\u00e9gional d\u2019Excellence (CRE) pour les s\u00e8ches c\u00e9r\u00e9ales et les cultures associ\u00e9es, et son nouveau mandat est d\u2019offrir aux pays de la r\u00e9gion et d\u2019ailleurs un espace facilitant la g\u00e9n\u00e9ration et le partage de connaissances et d\u2019exp\u00e9riences pour acc\u00e9l\u00e9rer l\u2019atteinte d\u2019Objectifs d\u2019\u00c9mergence (Plan S\u00e9n\u00e9gal \u00c9mergent, de D\u00e9veloppement africain (AGENDA 2063 de l\u2019Union Africaine) et durables (ODD 1, 2, 4, 5, 13, 15 et 17).\n\nLe CERAAS, avec ce statut de CRE, accompagn\u00e9 de mandat et d\u2019objectifs nouveaux, se doit de se doter d\u2019une strat\u00e9gie de communication int\u00e9grant les objectifs des partenaires (ITA, ENSA, autres) et align\u00e9s au plan strat\u00e9gique de l\u2019ISRA. Ainsi le CERAAS vise :i) \u00e0 mieux faire conna\u00eetre son savoir faire et ses r\u00e9sultats de recherche, ii) \u00e0 accro\u00eetre son attrait et sa visibilit\u00e9 aux niveaux national, r\u00e9gional et international ; iii) l\u2019accessibilit\u00e9 \u00e0 l\u2019information et la transparence.\n<\/span><\/div>\n\t\t\t\t<\/div>\n\t\t\t\t<\/div>\n\t\t\t\t\t<\/div>\n\t\t<\/div>\n\t\t\t\t\t\t\t<\/div>\n\t\t<\/section>\n\t\t\t\t\t\t<\/div>\n\t\t\t\t\t<\/div>\n\t\t","protected":false},"excerpt":{"rendered":"<p>Mandat r\u00e9gional Fournir des solutions techniques pour att\u00e9nuer l&rsquo;effet d\u00e9pressif de la s\u00e9cheresse sur les productions agricoles afin de r\u00e9duire le d\u00e9ficit alimentaire et nutritionnel et am\u00e9liorer le niveau de vie des populations d\u2019Afrique de l\u2019Ouest et du Centre. Le Centre d\u2019Etude pour l\u2019Am\u00e9lioration de l\u2019Adaptation \u00e0 la S\u00e9cheresse (CERAAS) [&hellip;]<\/p>\n","protected":false},"author":1,"featured_media":0,"parent":0,"menu_order":0,"comment_status":"closed","ping_status":"closed","template":"page-templates\/template-pagebuilder-full-width.php","meta":{"footnotes":""},"class_list":["post-58","page","type-page","status-publish","hentry"],"_links":{"self":[{"href":"http:\/\/91.121.2.216:8085\/ceraas\/index.php\/wp-json\/wp\/v2\/pages\/58","targetHints":{"allow":["GET"]}}],"collection":[{"href":"http:\/\/91.121.2.216:8085\/ceraas\/index.php\/wp-json\/wp\/v2\/pages"}],"about":[{"href":"http:\/\/91.121.2.216:8085\/ceraas\/index.php\/wp-json\/wp\/v2\/types\/page"}],"author":[{"embeddable":true,"href":"http:\/\/91.121.2.216:8085\/ceraas\/index.php\/wp-json\/wp\/v2\/users\/1"}],"replies":[{"embeddable":true,"href":"http:\/\/91.121.2.216:8085\/ceraas\/index.php\/wp-json\/wp\/v2\/comments?post=58"}],"version-history":[{"count":22,"href":"http:\/\/91.121.2.216:8085\/ceraas\/index.php\/wp-json\/wp\/v2\/pages\/58\/revisions"}],"predecessor-version":[{"id":1553,"href":"http:\/\/91.121.2.216:8085\/ceraas\/index.php\/wp-json\/wp\/v2\/pages\/58\/revisions\/1553"}],"wp:attachment":[{"href":"http:\/\/91.121.2.216:8085\/ceraas\/index.php\/wp-json\/wp\/v2\/media?parent=58"}],"curies":[{"name":"wp","href":"https:\/\/api.w.org\/{rel}","templated":true}]}}