{"id":55,"date":"2021-03-14T18:11:04","date_gmt":"2021-03-14T17:11:04","guid":{"rendered":"http:\/\/localhost\/ceraas\/?page_id=55"},"modified":"2021-05-03T00:42:30","modified_gmt":"2021-05-02T22:42:30","slug":"historique","status":"publish","type":"page","link":"http:\/\/91.121.2.216:8085\/ceraas\/index.php\/historique\/","title":{"rendered":"Historique"},"content":{"rendered":"\t\t<div data-elementor-type=\"wp-page\" data-elementor-id=\"55\" class=\"elementor elementor-55\" data-elementor-settings=\"[]\">\n\t\t\t\t\t\t\t<div class=\"elementor-section-wrap\">\n\t\t\t\t\t\t\t<section class=\"elementor-section elementor-top-section elementor-element elementor-element-588507d elementor-section-boxed elementor-section-height-default elementor-section-height-default\" data-id=\"588507d\" data-element_type=\"section\">\n\t\t\t\t\t\t<div class=\"elementor-container elementor-column-gap-default\">\n\t\t\t\t\t<div class=\"elementor-column elementor-col-100 elementor-top-column elementor-element elementor-element-56d2918\" data-id=\"56d2918\" data-element_type=\"column\">\n\t\t\t<div class=\"elementor-widget-wrap elementor-element-populated\">\n\t\t\t\t\t\t\t\t<div class=\"elementor-element elementor-element-0f606a0 elementor-widget elementor-widget-spacer\" data-id=\"0f606a0\" data-element_type=\"widget\" data-widget_type=\"spacer.default\">\n\t\t\t\t<div class=\"elementor-widget-container\">\n\t\t\t\t\t<div class=\"elementor-spacer\">\n\t\t\t<div class=\"elementor-spacer-inner\"><\/div>\n\t\t<\/div>\n\t\t\t\t<\/div>\n\t\t\t\t<\/div>\n\t\t\t\t\t<\/div>\n\t\t<\/div>\n\t\t\t\t\t\t\t<\/div>\n\t\t<\/section>\n\t\t\t\t<section class=\"elementor-section elementor-top-section elementor-element elementor-element-d74b70e elementor-section-boxed elementor-section-height-default elementor-section-height-default\" data-id=\"d74b70e\" data-element_type=\"section\">\n\t\t\t\t\t\t<div class=\"elementor-container elementor-column-gap-default\">\n\t\t\t\t\t<div class=\"elementor-column elementor-col-100 elementor-top-column elementor-element elementor-element-3d0d614\" data-id=\"3d0d614\" data-element_type=\"column\">\n\t\t\t<div class=\"elementor-widget-wrap elementor-element-populated\">\n\t\t\t\t\t\t\t\t<div class=\"elementor-element elementor-element-4f220d4 elementor-widget elementor-widget-text-editor\" data-id=\"4f220d4\" data-element_type=\"widget\" data-widget_type=\"text-editor.default\">\n\t\t\t\t<div class=\"elementor-widget-container\">\n\t\t\t\t\t<div class=\"elementor-text-editor elementor-clearfix\"><p style=\"text-align: justify;\">Le Ceraas est le r\u00e9sultat de l\u2019engagement d\u2019un institut national de recherche agricole (Isra), des instituts de recherche des pays membres du Coraf et de leurs partenaires bilat\u00e9raux, pour r\u00e9pondre aux enjeux de l\u2019am\u00e9lioration de la production agricole en conditions de s\u00e9cheresse.<\/p>\n<p style=\"text-align: justify;\">L\u2019id\u00e9e d\u2019un centre sp\u00e9cialis\u00e9 sur les questions de recherche associant des&nbsp;comp\u00e9tences en physiologie et en g\u00e9n\u00e9tique est n\u00e9e en 1982&nbsp;\u00e0 partir d\u2019une volont\u00e9 commune \u00e0&nbsp;l\u2019ISRA&nbsp;et ses partenaires (&nbsp;Cirad, Universit\u00e9s Paris VII et Paris XII&nbsp;) de d\u00e9velopper des approches novatrices pour am\u00e9liorer et stabiliser la production arachidi\u00e8re au S\u00e9n\u00e9gal.&nbsp;Une \u00e9quipe de recherche pluridisciplinaire a donc \u00e9t\u00e9 cr\u00e9\u00e9e.&nbsp;Assez rapidement (en 1987), le&nbsp;CORAF&nbsp;et&nbsp;l\u2019ISRA&nbsp;offrent que l\u2019expertise de cette \u00e9quipe de recherche pluridisciplinaire soit \u00e9largie aux pays de la sous-r\u00e9gion qui partage les m\u00eames probl\u00e8mes.<\/p>\n<p style=\"text-align: justify;\">Cette dynamique r\u00e9gionale a permis de mettre en exergue la n\u00e9cessit\u00e9 de construire&nbsp;un centre ayant la capacit\u00e9&nbsp;(i)&nbsp;d\u2019accueillir des \u00e9quipes de la sous-r\u00e9gion&nbsp;, (ii) de&nbsp;fournir un outil scientifique performant l\u2019autorit\u00e9une Institution de recherche du Sud n \u2018avait les moyens financiers et humains de construire isol\u00e9ment&nbsp;.&nbsp;Cette n\u00e9cessit\u00e9 a \u00e9t\u00e9 mat\u00e9rialis\u00e9e en 1989 par la cr\u00e9ation du&nbsp;CERAAS&nbsp;, centre national \u00e0 vocation r\u00e9gionale sp\u00e9cialis\u00e9e dans les recherches sur l\u2019am\u00e9lioration de l\u2019adaptation des cultures \u00e0 la s\u00e9cheresse pour les \u00e9quipes de recherche de la zone&nbsp;CORAF&nbsp;.&nbsp;En 1997, une nouvelle \u00e9volution majeure du&nbsp;CERAAS&nbsp;vu le jour sous l\u2019impulsion del\u2019ISRA&nbsp;, de l\u2019Universit\u00e9&nbsp;Cheikh Anta Diop de Dakar&nbsp;(&nbsp;UCAD&nbsp;) et l\u2019\u00c9cole Normale Sup\u00e9rieure d\u2019Agronomie (&nbsp;ENSA&nbsp;) qui avaient pour objectif d\u2019investir sur le dispositif et l\u2019expertise du&nbsp;CERAAS&nbsp;pour d\u00e9velopper une formation dipl\u00f4mant dans les disciplines en lien avec l\u2019am\u00e9lioration de l\u2019adaptation \u00e0 la s\u00e9cheresse, ouverte \u00e0 la sous-r\u00e9gion.&nbsp;Pour int\u00e9grer cette nouvelle dimension, sous financement de l\u2019Union Europ\u00e9enne, une structure a \u00e9t\u00e9 construite de novo dans l\u2019enceinte de l\u2019&nbsp;ENSA&nbsp;et enti\u00e8rement \u00e9quip\u00e9e.<\/p>\n<figure class=\"wp-block-image size-large\"><a href=\"http:\/\/91.121.2.216:8085\/ceraas\/wp-content\/uploads\/2021\/04\/Photo-Centre-daccueil-1568x692-1.jpg\"><img decoding=\"async\" loading=\"lazy\" src=\"http:\/\/91.121.2.216:8085\/ceraas\/wp-content\/uploads\/2021\/04\/Photo-Centre-daccueil-1568x692-1.jpg\" alt=\"\" class=\"aligncenter wp-image-132\" srcset=\"http:\/\/91.121.2.216:8085\/ceraas\/wp-content\/uploads\/2021\/04\/Photo-Centre-daccueil-1568x692-1.jpg 1024w, http:\/\/91.121.2.216:8085\/ceraas\/wp-content\/uploads\/2021\/04\/Photo-Centre-daccueil-1568x692-1.jpg 300w, http:\/\/91.121.2.216:8085\/ceraas\/wp-content\/uploads\/2021\/04\/Photo-Centre-daccueil-1568x692-1.jpg 768w, http:\/\/91.121.2.216:8085\/ceraas\/wp-content\/uploads\/2021\/04\/Photo-Centre-daccueil-1568x692-1.jpg 1536w, http:\/\/91.121.2.216:8085\/ceraas\/wp-content\/uploads\/2021\/04\/Photo-Centre-daccueil-1568x692-1.jpg 1568w, http:\/\/91.121.2.216:8085\/ceraas\/wp-content\/uploads\/2021\/04\/Photo-Centre-daccueil-1568x692-1.jpg 1700w\" sizes=\"auto, (max-width: 1024px) 100vw, 1024px\" width=\"1120\" height=\"452\"><\/a><\/figure>\n<p style=\"text-align: justify;\">Dans cette nouvelle structure, avec un partenariat avec les Universit\u00e9s renforc\u00e9es, le&nbsp;CERAAS&nbsp;une mis en \u0153uvre un programme ambitieux de recherche et de formation avec pour corollaire une augmentation des accueils de stagiaires originaires des pays de la sous-r\u00e9gion mais aussi des&nbsp;institutions de recherche du Nord et la cr\u00e9ation d\u2019un Certificat d\u2019Etudes Sup\u00e9rieures Sp\u00e9cialis\u00e9es&nbsp;(&nbsp;CESS&nbsp;).&nbsp;En parall\u00e8le le&nbsp;CERAAS&nbsp;a \u00e9volu\u00e9 vers une nouvelle gouvernance avec entre une autre \u00e9conomie de gestion administrative et financi\u00e8re, la constitution d\u2019un comit\u00e9 scientifique externe de pilotage et un effort de diversification de ses ressources pour assurer la p\u00e9rennit\u00e9 de son budget et de son m\u00e9tabolisme de base.<\/p>\n<p style=\"text-align: justify;\">Cependant le&nbsp;CERAAS&nbsp;a \u00e9galement \u00e9t\u00e9 confront\u00e9 \u00e0 des d\u00e9fis importants au cours de son \u00e9volution.&nbsp;Ces d\u00e9fis \u00e9taient inh\u00e9rents \u00e0 la difficult\u00e9 sur le long terme son m\u00e9tabolis\u00e9 de base;&nbsp;les financements sur projets n\u2019\u00e9tant pas par essence pas durables voiture envisag\u00e9e sur un temps court.&nbsp;Aussi, le&nbsp;CERAAS&nbsp;a \u00e9t\u00e9 confront\u00e9 \u00e0 l\u2019absence de m\u00e9canismes suffisamment attractifs pour maintenir sur le moyen terme et en nombre suffisant de chercheurs de la sous-r\u00e9gion.&nbsp;En 2006, le&nbsp;CERAAS&nbsp;a connu des difficult\u00e9s \u00e0 assurer le financement de son m\u00e9tabolisme de base ce qui a eu pour cons\u00e9quences une perte de son autonomie de gestion et une r\u00e9orientation de ses activit\u00e9s de recherche vers les priorit\u00e9s nationales.&nbsp;<span style=\"font-size: inherit;\">Un nouvel \u00e9lan avec le PPAAO \/ WAAPP: une construction r\u00e9gionale mieux r\u00e9fl\u00e9chie et partag\u00e9e avec les autres pays, un partenariat plus dynamique.<\/span><\/p>\n<p style=\"text-align: justify;\">L\u2019Initiative r\u00e9gionale pour l\u2019am\u00e9lioration de la&nbsp;productivit\u00e9 agricole en Afrique \/ Programme multi-pays de productivit\u00e9 agricole africaine (MAAPP \/ IAPAA)&nbsp;a \u00e9t\u00e9 d\u00e9velopp\u00e9 au d\u00e9but des ann\u00e9es 2000 par la Banque mondiale et le FARA pour l\u2019op\u00e9rationnaliser le PILIER IV du CAADP (&nbsp;Programme d\u00e9taill\u00e9 de d\u00e9veloppement de l\u2019agriculture africaine&nbsp;).&nbsp;L\u2019objectif central du&nbsp;MAAPP&nbsp;est l\u2019acc\u00e8s aux producteurs africains aux technologies dont ils ont besoin pour accro\u00eetre leur productivit\u00e9 et leurs revenus par l\u2019am\u00e9lioration de la pertinence et de l\u2019efficacit\u00e9 des syst\u00e8mes de g\u00e9n\u00e9ration et de diffusion des technologies agricoles.&nbsp;Cette initiative a \u00e9t\u00e9&nbsp;efficace&nbsp;en Afrique de l\u2019Ouest par le Programme de Productivit\u00e9 Agricole&nbsp;(&nbsp;PPAAO&nbsp;) soutenu dans le cadre d\u2019un \u00abPr\u00eat programme adaptable (&nbsp;APL&nbsp;)\u00bb de la Banque Mondiale, c\u2019est-\u00e0-dire un programme se d\u00e9veloppant progressivement: plusieurs vagues de pays entrant successivement dans le programme et plusieurs phases de mise en \u0153uvre pour un pays donn\u00e9.&nbsp;Ainsi quatre phases du&nbsp;PPAAO \/ WAAPP&nbsp;ont \u00e9t\u00e9 successivement lanc\u00e9es et&nbsp;13 pays d\u2019Afrique de l\u2019Ouest b\u00e9n\u00e9ficiant actuellement.<\/p>\n<p style=\"text-align: justify;\">Parmi&nbsp;ces 13 pays&nbsp;, 9 auraient d\u2019un Centre National de Sp\u00e9cialisation (&nbsp;CNS&nbsp;) charg\u00e9 de mener des recherches de pointe sur une (des) sp\u00e9culation (s) donn\u00e9e (s), choisie (s) par le pays et inscrite (s) dans les priorit\u00e9s r\u00e9gionales d\u00e9finies par le CORAF.&nbsp;Il est pr\u00e9vu que ces CNS \u00e9voluent vers les Centres R\u00e9gionaux d\u2019Excellence (&nbsp;CRE&nbsp;).<br>\nUn des faits remarquables de la construction r\u00e9gionale du&nbsp;PPAAO \/ WAAPP&nbsp;est que les pays ont accept\u00e9 de r\u00e9troc\u00e9der au&nbsp;CORAF&nbsp;une partie (&nbsp;entre 7 et 15%&nbsp;) des cr\u00e9dits qu\u2019ils ont re\u00e7us de la Banque mondiale et qu\u2019ils souhaitent rembourser.&nbsp;Une seconde originalit\u00e9 repos sur le fait que pour chaque&nbsp;CNS, les priorit\u00e9s de recherche et la programmation des activit\u00e9s sont faites au niveau r\u00e9gional ce qui n\u00e9cessite une meilleure prise en compte des probl\u00e8mes des autres pays dans la recherche men\u00e9e par le&nbsp;CNS&nbsp;.&nbsp;Enfin, la mobilit\u00e9 r\u00e9gionale est fortement encourag\u00e9e ce qui permet aux pays de&nbsp;b\u00e9n\u00e9ficier d\u2019expertises n\u2019existant pas chez eux et de rapprocher des \u00e9quipes de recherche&nbsp;qui demandent pas l\u2019habitude de collaborer.&nbsp;On voit ici avec le programme&nbsp;PPAAO \/ WAAPP&nbsp;une meilleure compr\u00e9hension de la recherche qui doit \u00eatre men\u00e9e \u00e0 l\u2019\u00e9chelle r\u00e9gionale et une maturit\u00e9 des pays en AO pour son application.<\/p>\n<p style=\"text-align: justify;\">Dans ce cadre conceptuel nouveau, le&nbsp;&nbsp;CERAAS est le Centre National de Sp\u00e9cialisation pour les c\u00e9r\u00e9ales s\u00e8ches.&nbsp;&nbsp;Il b\u00e9n\u00e9ficie d\u2019un financement sur 10 ans initi\u00e9 depuis 2007 qui lui offre une meilleure stabilit\u00e9 en termes de financement de son m\u00e9tabolisme de base et de sa recherche ainsi que de meilleure visibilit\u00e9 en termes d\u2019investissement et d\u2019\u00e9quipement.&nbsp;Par ailleurs, cette nouvelle dimension prix par le CERAAS lui a permis de dynamiser son partenariat tant au niveau national, aux niveaux r\u00e9gionaux et internationaux.&nbsp;Au niveau national, autour des projets de recherche financ\u00e9s par le CNS, il s\u2019est d\u00e9velopp\u00e9 de nouvelles collaborations qui associent les \u00e9quipes de recherche assez \u00e9loign\u00e9es du partenariat traditionnel du CERAAS.<\/p>\n<p style=\"text-align: justify;\">Ceci ouvre de nouvelles perspectives en termes de mobilisation de comp\u00e9tences pour aborder des probl\u00e8mes complexes n\u00e9cessitant des approches multidisciplinaires.&nbsp;Au niveau r\u00e9gional, ce partenariat se mat\u00e9rialise par un plus grand flux de technologies entre le&nbsp;CERAAS&nbsp;et plusieurs&nbsp;SNRA&nbsp;de la sous-r\u00e9gion.&nbsp;<span style=\"font-size: inherit;\">Au niveau international, le&nbsp;CERAAS&nbsp;est co-leader des projets f\u00e9d\u00e9rateurs sur les c\u00e9r\u00e9ales s\u00e8ches et les l\u00e9gumineuses&nbsp;<\/span><\/p><\/div>\n\t\t\t\t<\/div>\n\t\t\t\t<\/div>\n\t\t\t\t\t<\/div>\n\t\t<\/div>\n\t\t\t\t\t\t\t<\/div>\n\t\t<\/section>\n\t\t\t\t\t\t<\/div>\n\t\t\t\t\t<\/div>\n\t\t","protected":false},"excerpt":{"rendered":"<p>Le Ceraas est le r\u00e9sultat de l\u2019engagement d\u2019un institut national de recherche agricole (Isra), des instituts de recherche des pays membres du Coraf et de leurs partenaires bilat\u00e9raux, pour r\u00e9pondre aux enjeux de l\u2019am\u00e9lioration de la production agricole en conditions de s\u00e9cheresse. L\u2019id\u00e9e d\u2019un centre sp\u00e9cialis\u00e9 sur les questions de [&hellip;]<\/p>\n","protected":false},"author":1,"featured_media":0,"parent":0,"menu_order":0,"comment_status":"closed","ping_status":"closed","template":"page-templates\/template-pagebuilder-full-width.php","meta":{"footnotes":""},"class_list":["post-55","page","type-page","status-publish","hentry"],"_links":{"self":[{"href":"http:\/\/91.121.2.216:8085\/ceraas\/index.php\/wp-json\/wp\/v2\/pages\/55","targetHints":{"allow":["GET"]}}],"collection":[{"href":"http:\/\/91.121.2.216:8085\/ceraas\/index.php\/wp-json\/wp\/v2\/pages"}],"about":[{"href":"http:\/\/91.121.2.216:8085\/ceraas\/index.php\/wp-json\/wp\/v2\/types\/page"}],"author":[{"embeddable":true,"href":"http:\/\/91.121.2.216:8085\/ceraas\/index.php\/wp-json\/wp\/v2\/users\/1"}],"replies":[{"embeddable":true,"href":"http:\/\/91.121.2.216:8085\/ceraas\/index.php\/wp-json\/wp\/v2\/comments?post=55"}],"version-history":[{"count":43,"href":"http:\/\/91.121.2.216:8085\/ceraas\/index.php\/wp-json\/wp\/v2\/pages\/55\/revisions"}],"predecessor-version":[{"id":1523,"href":"http:\/\/91.121.2.216:8085\/ceraas\/index.php\/wp-json\/wp\/v2\/pages\/55\/revisions\/1523"}],"wp:attachment":[{"href":"http:\/\/91.121.2.216:8085\/ceraas\/index.php\/wp-json\/wp\/v2\/media?parent=55"}],"curies":[{"name":"wp","href":"https:\/\/api.w.org\/{rel}","templated":true}]}}