{"id":1765,"date":"2021-03-14T18:16:24","date_gmt":"2021-03-14T17:16:24","guid":{"rendered":"http:\/\/localhost\/ceraas\/?page_id=64"},"modified":"2021-03-14T18:16:24","modified_gmt":"2021-03-14T17:16:24","slug":"domaine-dactivite-2","status":"publish","type":"page","link":"http:\/\/91.121.2.216:8085\/ceraas\/index.php\/domaine-dactivite-2\/","title":{"rendered":"Domaine d&rsquo;activit\u00e9"},"content":{"rendered":"\t\t<div data-elementor-type=\"wp-page\" data-elementor-id=\"1765\" class=\"elementor elementor-1765\" data-elementor-settings=\"[]\">\n\t\t\t\t\t\t\t<div class=\"elementor-section-wrap\">\n\t\t\t\t\t\t\t<section class=\"elementor-section elementor-top-section elementor-element elementor-element-14af118 elementor-section-boxed elementor-section-height-default elementor-section-height-default\" data-id=\"14af118\" data-element_type=\"section\">\n\t\t\t\t\t\t<div class=\"elementor-container elementor-column-gap-default\">\n\t\t\t\t\t<div class=\"elementor-column elementor-col-100 elementor-top-column elementor-element elementor-element-6f4ffe6\" data-id=\"6f4ffe6\" data-element_type=\"column\">\n\t\t\t<div class=\"elementor-widget-wrap elementor-element-populated\">\n\t\t\t\t\t\t\t\t<div class=\"elementor-element elementor-element-aac7de6 elementor-widget elementor-widget-spacer\" data-id=\"aac7de6\" data-element_type=\"widget\" data-widget_type=\"spacer.default\">\n\t\t\t\t<div class=\"elementor-widget-container\">\n\t\t\t\t\t<div class=\"elementor-spacer\">\n\t\t\t<div class=\"elementor-spacer-inner\"><\/div>\n\t\t<\/div>\n\t\t\t\t<\/div>\n\t\t\t\t<\/div>\n\t\t\t\t\t<\/div>\n\t\t<\/div>\n\t\t\t\t\t\t\t<\/div>\n\t\t<\/section>\n\t\t\t\t<section class=\"elementor-section elementor-top-section elementor-element elementor-element-8a6c701 elementor-section-boxed elementor-section-height-default elementor-section-height-default\" data-id=\"8a6c701\" data-element_type=\"section\">\n\t\t\t\t\t\t<div class=\"elementor-container elementor-column-gap-default\">\n\t\t\t\t\t<div class=\"elementor-column elementor-col-100 elementor-top-column elementor-element elementor-element-8441abc\" data-id=\"8441abc\" data-element_type=\"column\">\n\t\t\t<div class=\"elementor-widget-wrap elementor-element-populated\">\n\t\t\t\t\t\t\t\t<div class=\"elementor-element elementor-element-6d3276c elementor-widget elementor-widget-text-editor\" data-id=\"6d3276c\" data-element_type=\"widget\" data-widget_type=\"text-editor.default\">\n\t\t\t\t<div class=\"elementor-widget-container\">\n\t\t\t\t\t<div class=\"elementor-text-editor elementor-clearfix\"><p align=\"justify\">Le Ceraas est un laboratoire national \u00e0 vocation r\u00e9gionale. Il est une base centre du Coraf et repr\u00e9sente \u00e0 ce titre un outil de collaboration sous r\u00e9gionale, interm\u00e9diaire entre les institutions nationales et les centres internationaux.\u00a0Il intervient sur une probl\u00e9matique de dimension r\u00e9gionale, sur laquelle il souhaite d\u00e9velopper un partenariat \u00e9quilibr\u00e9 et de qualit\u00e9 avec les partenaires plus avanc\u00e9s.<br \/>Sa mission de plate forme r\u00e9gionale de recherche et de formation lui conf\u00e8re une ouverture vers les institutions de recherche de la r\u00e9gion, auxquelles il propose un certains nombre d\u2019appuis.<\/p><p>Le\u00a0CERAAS\u00a0s\u2019est sp\u00e9cialis\u00e9 depuis sa cr\u00e9ation sur trois th\u00e9matiques majeures que sont (i)\u00a0la caract\u00e9risation des populations cibles d\u2019environnement et la pr\u00e9vision des rendements dans ces environnements, (ii)\u00a0la caract\u00e9risation physiologique de la r\u00e9ponse des plantes au d\u00e9ficit hydrique\u00a0et (iii)\u00a0la caract\u00e9risation des ressources g\u00e9n\u00e9tiques et leur utilisation dans des programmes innovants d\u2019am\u00e9lioration des plantes.<br \/>Ces th\u00e9matiques sont toutes orient\u00e9es vers un objectif de cr\u00e9ation vari\u00e9tale car permettant de comprendre les\u00a0environnements et les interactions\u00a0qui s\u2019y jouent, de comprendre les\u00a0bases physiologiques et mol\u00e9culaires\u00a0de l\u2019adaptation des plantes \u00e0 ces environnements et de mobiliser\u00a0les ressources g\u00e9n\u00e9tiques\u00a0pour la cr\u00e9ation d\u2019une nouvelle diversit\u00e9 mieux adapt\u00e9e en favorisant l\u2019\u00e9mergence de nouvelles association all\u00e9liques. Autour de ces th\u00e9matiques se sont construits des\u00a0dispositifs de recherche solides.<\/p><p>C\u2019est le cas pour la th\u00e9matique (i) avec\u00a0le r\u00e9seau de stations de recherche\u00a0de l\u2019ISRA\u00a0qui couvrent l\u2019ensemble des\u00a0zones agro-\u00e9cologiques\u00a0du S\u00e9n\u00e9gal, pour lesquelles il existe des donn\u00e9es historiques et sur la plupart desquelles sont positionn\u00e9es des stations m\u00e9t\u00e9orologiques. Pour\u00a0la th\u00e9matique de recherche\u00a0(ii) le\u00a0CERAAS\u00a0s\u2019appuie sur\u00a010ha sous irrigation sis \u00e0 la station de recherche\u00a0de\u00a0Bambey\u00a0et d\u2019une plateforme de ph\u00e9notypage bien \u00e9quip\u00e9e pour des mesures de\u00a0photosynth\u00e8se, d\u2019\u00e9changes gazeux, d\u2019eau dans la plante et dans le sol, etc. Enfin, pour la th\u00e9matique (iii) le\u00a0CERAAS\u00a0dispose d\u2019une\u00a0plateforme de g\u00e9notypage utilis\u00e9e pour des applications d\u2019analyse de la diversit\u00e9 g\u00e9n\u00e9tique, de cartographie g\u00e9n\u00e9tique de caract\u00e8res d\u2019int\u00e9r\u00eat agronomique et de s\u00e9lection assist\u00e9e par marqueurs.<\/p><p>Ces dispositifs, bien qu\u2019ayant montr\u00e9 leur efficacit\u00e9 dans les programmes de\u00a0caract\u00e9risation et d\u2019am\u00e9lioration des plantes au S\u00e9n\u00e9gal, demeurent assez limit\u00e9s dans la perspective de\u00a0l\u2019accroissement des activit\u00e9s et des accueils de chercheurs\u00a0au niveau r\u00e9gional. De m\u00eame, ils n\u2019int\u00e8grent pas suffisamment les \u00e9volutions technologiques nouvelles en\u00a0ph\u00e9notypage et en analyse des g\u00e9nomes.<\/p><\/div>\n\t\t\t\t<\/div>\n\t\t\t\t<\/div>\n\t\t\t\t<div class=\"elementor-element elementor-element-e9a2052 elementor-widget elementor-widget-spacer\" data-id=\"e9a2052\" data-element_type=\"widget\" data-widget_type=\"spacer.default\">\n\t\t\t\t<div class=\"elementor-widget-container\">\n\t\t\t\t\t<div class=\"elementor-spacer\">\n\t\t\t<div class=\"elementor-spacer-inner\"><\/div>\n\t\t<\/div>\n\t\t\t\t<\/div>\n\t\t\t\t<\/div>\n\t\t\t\t\t<\/div>\n\t\t<\/div>\n\t\t\t\t\t\t\t<\/div>\n\t\t<\/section>\n\t\t\t\t\t\t<\/div>\n\t\t\t\t\t<\/div>\n\t\t","protected":false},"excerpt":{"rendered":"<p>Le Ceraas est un laboratoire national \u00e0 vocation r\u00e9gionale. Il est une base centre du Coraf et repr\u00e9sente \u00e0 ce titre un outil de collaboration sous r\u00e9gionale, interm\u00e9diaire entre les institutions nationales et les centres internationaux.&nbsp;Il intervient sur une probl\u00e9matique de dimension r\u00e9gionale, sur laquelle il souhaite d\u00e9velopper un partenariat [&hellip;]<\/p>\n","protected":false},"author":1,"featured_media":0,"parent":0,"menu_order":0,"comment_status":"closed","ping_status":"closed","template":"page-templates\/template-pagebuilder-full-width.php","meta":{"footnotes":""},"class_list":["post-1765","page","type-page","status-publish","hentry"],"_links":{"self":[{"href":"http:\/\/91.121.2.216:8085\/ceraas\/index.php\/wp-json\/wp\/v2\/pages\/1765","targetHints":{"allow":["GET"]}}],"collection":[{"href":"http:\/\/91.121.2.216:8085\/ceraas\/index.php\/wp-json\/wp\/v2\/pages"}],"about":[{"href":"http:\/\/91.121.2.216:8085\/ceraas\/index.php\/wp-json\/wp\/v2\/types\/page"}],"author":[{"embeddable":true,"href":"http:\/\/91.121.2.216:8085\/ceraas\/index.php\/wp-json\/wp\/v2\/users\/1"}],"replies":[{"embeddable":true,"href":"http:\/\/91.121.2.216:8085\/ceraas\/index.php\/wp-json\/wp\/v2\/comments?post=1765"}],"version-history":[{"count":0,"href":"http:\/\/91.121.2.216:8085\/ceraas\/index.php\/wp-json\/wp\/v2\/pages\/1765\/revisions"}],"wp:attachment":[{"href":"http:\/\/91.121.2.216:8085\/ceraas\/index.php\/wp-json\/wp\/v2\/media?parent=1765"}],"curies":[{"name":"wp","href":"https:\/\/api.w.org\/{rel}","templated":true}]}}