{"id":1498,"date":"2021-04-28T17:00:47","date_gmt":"2021-04-28T15:00:47","guid":{"rendered":"http:\/\/91.121.2.216:8085\/ceraas\/?page_id=1498"},"modified":"2021-04-28T17:03:47","modified_gmt":"2021-04-28T15:03:47","slug":"annonces","status":"publish","type":"page","link":"http:\/\/91.121.2.216:8085\/ceraas\/index.php\/annonces\/","title":{"rendered":"ANNONCES"},"content":{"rendered":"\t\t<div data-elementor-type=\"wp-page\" data-elementor-id=\"1498\" class=\"elementor elementor-1498\" data-elementor-settings=\"[]\">\n\t\t\t\t\t\t\t<div class=\"elementor-section-wrap\">\n\t\t\t\t\t\t\t<section class=\"elementor-section elementor-top-section elementor-element elementor-element-9f5bcfd elementor-section-boxed elementor-section-height-default elementor-section-height-default\" data-id=\"9f5bcfd\" data-element_type=\"section\">\n\t\t\t\t\t\t<div class=\"elementor-container elementor-column-gap-default\">\n\t\t\t\t\t<div class=\"elementor-column elementor-col-100 elementor-top-column elementor-element elementor-element-28e551e\" data-id=\"28e551e\" data-element_type=\"column\">\n\t\t\t<div class=\"elementor-widget-wrap elementor-element-populated\">\n\t\t\t\t\t\t\t\t<div class=\"elementor-element elementor-element-3b44474 elementor-grid-3 elementor-grid-tablet-2 elementor-grid-mobile-1 elementor-widget elementor-widget-elementor-blog-posts\" data-id=\"3b44474\" data-element_type=\"widget\" data-settings=\"{&quot;columns&quot;:&quot;3&quot;,&quot;columns_tablet&quot;:&quot;2&quot;,&quot;columns_mobile&quot;:&quot;1&quot;}\" data-widget_type=\"elementor-blog-posts.default\">\n\t\t\t\t<div class=\"elementor-widget-container\">\n\t\t\t\t\t<div class=\"wpcap-grid\">\n\t\t\t\t\t\t<div class=\"wpcap-grid-container elementor-grid wpcap-grid-desktop-3 wpcap-grid-tablet-2 wpcap-grid-mobile-1 grid-meta-bottom\">\n\n\t\t\t\t\n        <article id=\"post-1740\" class=\"wpcap-post post-1740 post type-post status-publish format-standard hentry category-offres\">\n         \n            <div class=\"post-grid-inner\">\n            \t\n            \t\n                <div class=\"post-grid-text-wrap\">\n               \t\t\t\t<h6 class=\"title\">\n\t\t\t<a href=\"http:\/\/91.121.2.216:8085\/ceraas\/index.php\/2022\/01\/14\/appel-a-propositions-soutien-a-projets-de-recherche-et-ou-de-formation-et-appui-pour-participer-a-des-conferences-scientifiques-ou-academiques\/\">APPEL \u00c0 PROPOSITIONS : Soutien \u00e0 projets de recherche et\/ou de formation et appui pour participer \u00e0 des conf\u00e9rences scientifiques ou acad\u00e9miques<\/a>\n\t\t<\/h6>\n\t\t\t                \t\t<div class=\"post-grid-excerpt\">\n\t\t\t<p>Le Laboratoire mixte international Adaptation des Plantes et microorganismes associ\u00e9s aux Stress Environnementaux (LAPSE) est un consortium d\u2019\u00e9quipes de recherches regroupant chercheurs et enseignants chercheurs des instituts et universit\u00e9s partenaires : AfricaRice,&nbsp;Centre de coop\u00e9ration internationale&hellip;<\/p>\n\t\t<\/div>\n\t\t\t                \t\t<a class=\"read-more-btn\" href=\"http:\/\/91.121.2.216:8085\/ceraas\/index.php\/2022\/01\/14\/appel-a-propositions-soutien-a-projets-de-recherche-et-ou-de-formation-et-appui-pour-participer-a-des-conferences-scientifiques-ou-academiques\/\">Lire la suite \u00bb<\/a>\n\t\t                <\/div>\n\n                \t\t<div class=\"post-grid-meta\">\n\t\t\t\n\t\t\t\t<span class=\"post-author\">14 janvier 2022<\/span>\n\n\t\t\t\t\t\t<\/div>\n\t\t\n            <\/div><!-- .blog-inner -->\n           \n        <\/article>\n\n        \n        <article id=\"post-1736\" class=\"wpcap-post post-1736 post type-post status-publish format-standard hentry category-offres\">\n         \n            <div class=\"post-grid-inner\">\n            \t\n            \t\n                <div class=\"post-grid-text-wrap\">\n               \t\t\t\t<h6 class=\"title\">\n\t\t\t<a href=\"http:\/\/91.121.2.216:8085\/ceraas\/index.php\/2022\/01\/14\/recrutement-dune-attachee-dadministration\/\">Recrutement d\u2019un(e) attach\u00e9(e) d\u2019administration<\/a>\n\t\t<\/h6>\n\t\t\t                \t\t<div class=\"post-grid-excerpt\">\n\t\t\t<p>Le Centre d\u2019Etude R\u00e9gional pour l\u2019Am\u00e9lioration de l\u2019Adaptation \u00e0 la S\u00e9cheresse (CERAAS) de Thi\u00e8s est une entit\u00e9 de l\u2019Institut S\u00e9n\u00e9galais de Recherche Agricole (ISRA). Il a pour mission de r\u00e9pondre aux d\u00e9fis et enjeux de&hellip;<\/p>\n\t\t<\/div>\n\t\t\t                \t\t<a class=\"read-more-btn\" href=\"http:\/\/91.121.2.216:8085\/ceraas\/index.php\/2022\/01\/14\/recrutement-dune-attachee-dadministration\/\">Lire la suite \u00bb<\/a>\n\t\t                <\/div>\n\n                \t\t<div class=\"post-grid-meta\">\n\t\t\t\n\t\t\t\t<span class=\"post-author\">14 janvier 2022<\/span>\n\n\t\t\t\t\t\t<\/div>\n\t\t\n            <\/div><!-- .blog-inner -->\n           \n        <\/article>\n\n        \n        <article id=\"post-1563\" class=\"wpcap-post post-1563 post type-post status-publish format-standard hentry category-offres\">\n         \n            <div class=\"post-grid-inner\">\n            \t\n            \t\n                <div class=\"post-grid-text-wrap\">\n               \t\t\t\t<h6 class=\"title\">\n\t\t\t<a href=\"http:\/\/91.121.2.216:8085\/ceraas\/index.php\/2021\/05\/16\/appel-a-candidatures-bourses-daad\/\">Appel \u00e0 candidatures Bourses DAAD<\/a>\n\t\t<\/h6>\n\t\t\t                \t\t<div class=\"post-grid-excerpt\">\n\t\t\t\t\t<\/div>\n\t\t\t                \t\t<a class=\"read-more-btn\" href=\"http:\/\/91.121.2.216:8085\/ceraas\/index.php\/2021\/05\/16\/appel-a-candidatures-bourses-daad\/\">Lire la suite \u00bb<\/a>\n\t\t                <\/div>\n\n                \t\t<div class=\"post-grid-meta\">\n\t\t\t\n\t\t\t\t<span class=\"post-author\">16 mai 2021<\/span>\n\n\t\t\t\t\t\t<\/div>\n\t\t\n            <\/div><!-- .blog-inner -->\n           \n        <\/article>\n\n        \n        <article id=\"post-1371\" class=\"wpcap-post post-1371 post type-post status-publish format-standard hentry category-offres\">\n         \n            <div class=\"post-grid-inner\">\n            \t\n            \t\n                <div class=\"post-grid-text-wrap\">\n               \t\t\t\t<h6 class=\"title\">\n\t\t\t<a href=\"http:\/\/91.121.2.216:8085\/ceraas\/index.php\/2021\/04\/22\/avis-dappel-doffres-fourniture-et-installation-de-materiels-de-laboratoire-et-autre-equipements-pour-lisra\/\">Avis d\u2019Appel d\u2019Offres &#8211; FOURNITURE ET INSTALLATION DE MATERIELS DE LABORATOIRE ET AUTRES EQUIPEMENTS POUR L\u2019ISRA<\/a>\n\t\t<\/h6>\n\t\t\t                \t\t<div class=\"post-grid-excerpt\">\n\t\t\t\t\t<\/div>\n\t\t\t                \t\t<a class=\"read-more-btn\" href=\"http:\/\/91.121.2.216:8085\/ceraas\/index.php\/2021\/04\/22\/avis-dappel-doffres-fourniture-et-installation-de-materiels-de-laboratoire-et-autre-equipements-pour-lisra\/\">Lire la suite \u00bb<\/a>\n\t\t                <\/div>\n\n                \t\t<div class=\"post-grid-meta\">\n\t\t\t\n\t\t\t\t<span class=\"post-author\">22 avril 2021<\/span>\n\n\t\t\t\t\t\t<\/div>\n\t\t\n            <\/div><!-- .blog-inner -->\n           \n        <\/article>\n\n        \n        <article id=\"post-1278\" class=\"wpcap-post post-1278 post type-post status-publish format-standard hentry category-offres\">\n         \n            <div class=\"post-grid-inner\">\n            \t\n            \t\n                <div class=\"post-grid-text-wrap\">\n               \t\t\t\t<h6 class=\"title\">\n\t\t\t<a href=\"http:\/\/91.121.2.216:8085\/ceraas\/index.php\/2021\/04\/15\/technicien-ne-superieur-de-laboratoire-de-biochimie-ts\/\">Technicien.ne sup\u00e9rieur de laboratoire de biochimie (TS)<\/a>\n\t\t<\/h6>\n\t\t\t                \t\t<div class=\"post-grid-excerpt\">\n\t\t\t\t\t<\/div>\n\t\t\t                \t\t<a class=\"read-more-btn\" href=\"http:\/\/91.121.2.216:8085\/ceraas\/index.php\/2021\/04\/15\/technicien-ne-superieur-de-laboratoire-de-biochimie-ts\/\">Lire la suite \u00bb<\/a>\n\t\t                <\/div>\n\n                \t\t<div class=\"post-grid-meta\">\n\t\t\t\n\t\t\t\t<span class=\"post-author\">15 avril 2021<\/span>\n\n\t\t\t\t\t\t<\/div>\n\t\t\n            <\/div><!-- .blog-inner -->\n           \n        <\/article>\n\n        \n        <article id=\"post-1277\" class=\"wpcap-post post-1277 post type-post status-publish format-standard hentry category-offres\">\n         \n            <div class=\"post-grid-inner\">\n            \t\n            \t\n                <div class=\"post-grid-text-wrap\">\n               \t\t\t\t<h6 class=\"title\">\n\t\t\t<a href=\"http:\/\/91.121.2.216:8085\/ceraas\/index.php\/2021\/04\/15\/technicien-ne-ordinaire-to\/\">Technicien.ne ordinaire (TO)<\/a>\n\t\t<\/h6>\n\t\t\t                \t\t<div class=\"post-grid-excerpt\">\n\t\t\t\t\t<\/div>\n\t\t\t                \t\t<a class=\"read-more-btn\" href=\"http:\/\/91.121.2.216:8085\/ceraas\/index.php\/2021\/04\/15\/technicien-ne-ordinaire-to\/\">Lire la suite \u00bb<\/a>\n\t\t                <\/div>\n\n                \t\t<div class=\"post-grid-meta\">\n\t\t\t\n\t\t\t\t<span class=\"post-author\">15 avril 2021<\/span>\n\n\t\t\t\t\t\t<\/div>\n\t\t\n            <\/div><!-- .blog-inner -->\n           \n        <\/article>\n\n        \n        <article id=\"post-1276\" class=\"wpcap-post post-1276 post type-post status-publish format-standard hentry category-offres\">\n         \n            <div class=\"post-grid-inner\">\n            \t\n            \t\n                <div class=\"post-grid-text-wrap\">\n               \t\t\t\t<h6 class=\"title\">\n\t\t\t<a href=\"http:\/\/91.121.2.216:8085\/ceraas\/index.php\/2021\/04\/15\/ingenieur-e-de-travaux-agricole-ita\/\">Ing\u00e9nieur.e de Travaux Agricole (ITA)<\/a>\n\t\t<\/h6>\n\t\t\t                \t\t<div class=\"post-grid-excerpt\">\n\t\t\t\t\t<\/div>\n\t\t\t                \t\t<a class=\"read-more-btn\" href=\"http:\/\/91.121.2.216:8085\/ceraas\/index.php\/2021\/04\/15\/ingenieur-e-de-travaux-agricole-ita\/\">Lire la suite \u00bb<\/a>\n\t\t                <\/div>\n\n                \t\t<div class=\"post-grid-meta\">\n\t\t\t\n\t\t\t\t<span class=\"post-author\">15 avril 2021<\/span>\n\n\t\t\t\t\t\t<\/div>\n\t\t\n            <\/div><!-- .blog-inner -->\n           \n        <\/article>\n\n        \n        <article id=\"post-1275\" class=\"wpcap-post post-1275 post type-post status-publish format-standard hentry category-offres\">\n         \n            <div class=\"post-grid-inner\">\n            \t\n            \t\n                <div class=\"post-grid-text-wrap\">\n               \t\t\t\t<h6 class=\"title\">\n\t\t\t<a href=\"http:\/\/91.121.2.216:8085\/ceraas\/index.php\/2021\/04\/15\/ingenieur-detudes-gestionnaire-des-ressources-genetiques-ie\/\">Ing\u00e9nieur d\u2019\u00c9tudes Gestionnaire des Ressources G\u00e9n\u00e9tiques (IE)<\/a>\n\t\t<\/h6>\n\t\t\t                \t\t<div class=\"post-grid-excerpt\">\n\t\t\t\t\t<\/div>\n\t\t\t                \t\t<a class=\"read-more-btn\" href=\"http:\/\/91.121.2.216:8085\/ceraas\/index.php\/2021\/04\/15\/ingenieur-detudes-gestionnaire-des-ressources-genetiques-ie\/\">Lire la suite \u00bb<\/a>\n\t\t                <\/div>\n\n                \t\t<div class=\"post-grid-meta\">\n\t\t\t\n\t\t\t\t<span class=\"post-author\">15 avril 2021<\/span>\n\n\t\t\t\t\t\t<\/div>\n\t\t\n            <\/div><!-- .blog-inner -->\n           \n        <\/article>\n\n        \n        <article id=\"post-1274\" class=\"wpcap-post post-1274 post type-post status-publish format-standard hentry category-offres\">\n         \n            <div class=\"post-grid-inner\">\n            \t\n            \t\n                <div class=\"post-grid-text-wrap\">\n               \t\t\t\t<h6 class=\"title\">\n\t\t\t<a href=\"http:\/\/91.121.2.216:8085\/ceraas\/index.php\/2021\/04\/15\/chercheur-e-charge-e-de-la-valorisation-2\/\">CHERCHEUR.E CHARG\u00c9.E DE LA VALORISATION<\/a>\n\t\t<\/h6>\n\t\t\t                \t\t<div class=\"post-grid-excerpt\">\n\t\t\t\t\t<\/div>\n\t\t\t                \t\t<a class=\"read-more-btn\" href=\"http:\/\/91.121.2.216:8085\/ceraas\/index.php\/2021\/04\/15\/chercheur-e-charge-e-de-la-valorisation-2\/\">Lire la suite \u00bb<\/a>\n\t\t                <\/div>\n\n                \t\t<div class=\"post-grid-meta\">\n\t\t\t\n\t\t\t\t<span class=\"post-author\">15 avril 2021<\/span>\n\n\t\t\t\t\t\t<\/div>\n\t\t\n            <\/div><!-- .blog-inner -->\n           \n        <\/article>\n\n        \n        <article id=\"post-1268\" class=\"wpcap-post post-1268 post type-post status-publish format-standard hentry category-offres\">\n         \n            <div class=\"post-grid-inner\">\n            \t\n            \t\n                <div class=\"post-grid-text-wrap\">\n               \t\t\t\t<h6 class=\"title\">\n\t\t\t<a href=\"http:\/\/91.121.2.216:8085\/ceraas\/index.php\/2021\/04\/15\/chercheur-e-charge-e-de-la-valorisation\/\">CHERCHEUR.E SP\u00c9CIALIS\u00c9.E EN INTELLIGENCE ARTIFICIELLE ET TRAITEMENT D\u2019IMAGES CAPTUR\u00c9ES PAR DRONE<\/a>\n\t\t<\/h6>\n\t\t\t                \t\t<div class=\"post-grid-excerpt\">\n\t\t\t\t\t<\/div>\n\t\t\t                \t\t<a class=\"read-more-btn\" href=\"http:\/\/91.121.2.216:8085\/ceraas\/index.php\/2021\/04\/15\/chercheur-e-charge-e-de-la-valorisation\/\">Lire la suite \u00bb<\/a>\n\t\t                <\/div>\n\n                \t\t<div class=\"post-grid-meta\">\n\t\t\t\n\t\t\t\t<span class=\"post-author\">15 avril 2021<\/span>\n\n\t\t\t\t\t\t<\/div>\n\t\t\n            <\/div><!-- .blog-inner -->\n           \n        <\/article>\n\n        \n\t\t\t<\/div>\t\t\t      \t\t\t\t\t\t               \n\t\t<\/div>\n\t\t\t\t<\/div>\n\t\t\t\t<\/div>\n\t\t\t\t\t<\/div>\n\t\t<\/div>\n\t\t\t\t\t\t\t<\/div>\n\t\t<\/section>\n\t\t\t\t\t\t<\/div>\n\t\t\t\t\t<\/div>\n\t\t","protected":false},"excerpt":{"rendered":"<p>Avis d\u2019Appel d\u2019Offres &#8211; FOURNITURE ET INSTALLATION DE MATERIELS DE LABORATOIRE ET AUTRES EQUIPEMENTS POUR L\u2019ISRA Lire la suite \u00bb 22 avril 2021 Technicien.ne sup\u00e9rieur de laboratoire de biochimie (TS) Lire la suite \u00bb 15 avril 2021 Technicien.ne ordinaire (TO) Lire la suite \u00bb 15 avril 2021 Ing\u00e9nieur.e de Travaux [&hellip;]<\/p>\n","protected":false},"author":1,"featured_media":0,"parent":0,"menu_order":0,"comment_status":"closed","ping_status":"closed","template":"page-templates\/template-pagebuilder-full-width.php","meta":{"footnotes":""},"class_list":["post-1498","page","type-page","status-publish","hentry"],"_links":{"self":[{"href":"http:\/\/91.121.2.216:8085\/ceraas\/index.php\/wp-json\/wp\/v2\/pages\/1498","targetHints":{"allow":["GET"]}}],"collection":[{"href":"http:\/\/91.121.2.216:8085\/ceraas\/index.php\/wp-json\/wp\/v2\/pages"}],"about":[{"href":"http:\/\/91.121.2.216:8085\/ceraas\/index.php\/wp-json\/wp\/v2\/types\/page"}],"author":[{"embeddable":true,"href":"http:\/\/91.121.2.216:8085\/ceraas\/index.php\/wp-json\/wp\/v2\/users\/1"}],"replies":[{"embeddable":true,"href":"http:\/\/91.121.2.216:8085\/ceraas\/index.php\/wp-json\/wp\/v2\/comments?post=1498"}],"version-history":[{"count":4,"href":"http:\/\/91.121.2.216:8085\/ceraas\/index.php\/wp-json\/wp\/v2\/pages\/1498\/revisions"}],"predecessor-version":[{"id":1503,"href":"http:\/\/91.121.2.216:8085\/ceraas\/index.php\/wp-json\/wp\/v2\/pages\/1498\/revisions\/1503"}],"wp:attachment":[{"href":"http:\/\/91.121.2.216:8085\/ceraas\/index.php\/wp-json\/wp\/v2\/media?parent=1498"}],"curies":[{"name":"wp","href":"https:\/\/api.w.org\/{rel}","templated":true}]}}