{"id":1156,"date":"2021-04-12T18:21:07","date_gmt":"2021-04-12T16:21:07","guid":{"rendered":"http:\/\/41.214.11.83\/ceraas\/?page_id=1156"},"modified":"2021-04-28T01:38:14","modified_gmt":"2021-04-27T23:38:14","slug":"demarche-qualite","status":"publish","type":"page","link":"http:\/\/91.121.2.216:8085\/ceraas\/index.php\/demarche-qualite\/","title":{"rendered":"D\u00e9marche Qualit\u00e9"},"content":{"rendered":"\t\t<div data-elementor-type=\"wp-page\" data-elementor-id=\"1156\" class=\"elementor elementor-1156\" data-elementor-settings=\"[]\">\n\t\t\t\t\t\t\t<div class=\"elementor-section-wrap\">\n\t\t\t\t\t\t\t<section class=\"elementor-section elementor-top-section elementor-element elementor-element-4ab98c8a elementor-section-boxed elementor-section-height-default elementor-section-height-default\" data-id=\"4ab98c8a\" data-element_type=\"section\">\n\t\t\t\t\t\t<div class=\"elementor-container elementor-column-gap-default\">\n\t\t\t\t\t<div class=\"elementor-column elementor-col-100 elementor-top-column elementor-element elementor-element-4fa1fb0c\" data-id=\"4fa1fb0c\" data-element_type=\"column\">\n\t\t\t<div class=\"elementor-widget-wrap elementor-element-populated\">\n\t\t\t\t\t\t\t\t<div class=\"elementor-element elementor-element-7e5cba03 elementor-widget elementor-widget-text-editor\" data-id=\"7e5cba03\" data-element_type=\"widget\" data-widget_type=\"text-editor.default\">\n\t\t\t\t<div class=\"elementor-widget-container\">\n\t\t\t\t\t<div class=\"elementor-text-editor elementor-clearfix\"><!-- wp:pdfemb\/pdf-embedder-viewer {\"pdfID\":1289,\"url\":\"http:\/\/41.214.11.83\/ceraas\/wp-content\/uploads\/2021\/04\/Politique-Qualite\u0301-.pdf\"} -->\n<p class=\"wp-block-pdfemb-pdf-embedder-viewer\"><\/p>\n<!-- \/wp:pdfemb\/pdf-embedder-viewer -->\n\n<!-- wp:paragraph -->\n<p><\/p>\n<!-- \/wp:paragraph --><\/div>\n\t\t\t\t<\/div>\n\t\t\t\t<\/div>\n\t\t\t\t\t<\/div>\n\t\t<\/div>\n\t\t\t\t\t\t\t<\/div>\n\t\t<\/section>\n\t\t\t\t<section class=\"elementor-section elementor-top-section elementor-element elementor-element-86666ff elementor-section-boxed elementor-section-height-default elementor-section-height-default\" data-id=\"86666ff\" data-element_type=\"section\">\n\t\t\t\t\t\t<div class=\"elementor-container elementor-column-gap-default\">\n\t\t\t\t\t<div class=\"elementor-column elementor-col-100 elementor-top-column elementor-element elementor-element-af5a8a1\" data-id=\"af5a8a1\" data-element_type=\"column\">\n\t\t\t<div class=\"elementor-widget-wrap elementor-element-populated\">\n\t\t\t\t\t\t\t\t<div class=\"elementor-element elementor-element-67536c4 elementor-widget elementor-widget-heading\" data-id=\"67536c4\" data-element_type=\"widget\" data-widget_type=\"heading.default\">\n\t\t\t\t<div class=\"elementor-widget-container\">\n\t\t\t<h3 class=\"elementor-heading-title elementor-size-default\">Notre d\u00e9marche qualit\u00e9<\/h3>\t\t<\/div>\n\t\t\t\t<\/div>\n\t\t\t\t\t<\/div>\n\t\t<\/div>\n\t\t\t\t\t\t\t<\/div>\n\t\t<\/section>\n\t\t\t\t<section class=\"elementor-section elementor-top-section elementor-element elementor-element-e5b865b elementor-section-boxed elementor-section-height-default elementor-section-height-default\" data-id=\"e5b865b\" data-element_type=\"section\">\n\t\t\t\t\t\t<div class=\"elementor-container elementor-column-gap-default\">\n\t\t\t\t\t<div class=\"elementor-column elementor-col-50 elementor-top-column elementor-element elementor-element-58a192c\" data-id=\"58a192c\" data-element_type=\"column\">\n\t\t\t<div class=\"elementor-widget-wrap elementor-element-populated\">\n\t\t\t\t\t\t\t\t<div class=\"elementor-element elementor-element-0bae242 elementor-widget elementor-widget-image\" data-id=\"0bae242\" data-element_type=\"widget\" data-widget_type=\"image.default\">\n\t\t\t\t<div class=\"elementor-widget-container\">\n\t\t\t\t\t<div class=\"elementor-image\">\n\t\t\t\t\t\t\t\t\t\t<img loading=\"lazy\" decoding=\"async\" width=\"724\" height=\"1024\" src=\"http:\/\/91.121.2.216:8085\/ceraas\/wp-content\/uploads\/2021\/04\/CERAAS-9K-V15-724x1024.jpg\" class=\"attachment-large size-large\" alt=\"\" srcset=\"http:\/\/91.121.2.216:8085\/ceraas\/wp-content\/uploads\/2021\/04\/CERAAS-9K-V15-724x1024.jpg 724w, http:\/\/91.121.2.216:8085\/ceraas\/wp-content\/uploads\/2021\/04\/CERAAS-9K-V15-212x300.jpg 212w, http:\/\/91.121.2.216:8085\/ceraas\/wp-content\/uploads\/2021\/04\/CERAAS-9K-V15-768x1087.jpg 768w, http:\/\/91.121.2.216:8085\/ceraas\/wp-content\/uploads\/2021\/04\/CERAAS-9K-V15-1086x1536.jpg 1086w, http:\/\/91.121.2.216:8085\/ceraas\/wp-content\/uploads\/2021\/04\/CERAAS-9K-V15-1448x2048.jpg 1448w, http:\/\/91.121.2.216:8085\/ceraas\/wp-content\/uploads\/2021\/04\/CERAAS-9K-V15.jpg 1654w\" sizes=\"auto, (max-width: 724px) 100vw, 724px\" \/>\t\t\t\t\t\t\t\t\t\t\t<\/div>\n\t\t\t\t<\/div>\n\t\t\t\t<\/div>\n\t\t\t\t<div class=\"elementor-element elementor-element-2f0feba elementor-widget elementor-widget-spacer\" data-id=\"2f0feba\" data-element_type=\"widget\" data-widget_type=\"spacer.default\">\n\t\t\t\t<div class=\"elementor-widget-container\">\n\t\t\t\t\t<div class=\"elementor-spacer\">\n\t\t\t<div class=\"elementor-spacer-inner\"><\/div>\n\t\t<\/div>\n\t\t\t\t<\/div>\n\t\t\t\t<\/div>\n\t\t\t\t\t<\/div>\n\t\t<\/div>\n\t\t\t\t<div class=\"elementor-column elementor-col-50 elementor-top-column elementor-element elementor-element-45956df\" data-id=\"45956df\" data-element_type=\"column\">\n\t\t\t<div class=\"elementor-widget-wrap elementor-element-populated\">\n\t\t\t\t\t\t\t\t<div class=\"elementor-element elementor-element-c8a55aa elementor-widget elementor-widget-text-editor\" data-id=\"c8a55aa\" data-element_type=\"widget\" data-widget_type=\"text-editor.default\">\n\t\t\t\t<div class=\"elementor-widget-container\">\n\t\t\t\t\t<div class=\"elementor-text-editor elementor-clearfix\"><p><strong><br><\/strong><\/p><p><strong>La norme internationale ISO 9001<\/strong><\/p>\n<p>Elle sp\u00e9cifie les exigences relatives au syst\u00e8me de management de la qualit\u00e9 d\u2019un organisme qui doit d\u00e9montrer son aptitude \u00e0 satisfaire les exigences des \u00ab clients \u00bb et accro\u00eetre leur satisfaction en am\u00e9liorant en permanence son fonctionnement.<\/p>\n<p><strong>La d\u00e9marche qualit\u00e9<\/strong>&nbsp;a \u00e9t\u00e9 initi\u00e9e au CERAAS au sein des plateaux techniques.<\/p>\n<p><\/p><\/div>\n\t\t\t\t<\/div>\n\t\t\t\t<\/div>\n\t\t\t\t<section class=\"elementor-section elementor-inner-section elementor-element elementor-element-33c6153 elementor-section-boxed elementor-section-height-default elementor-section-height-default\" data-id=\"33c6153\" data-element_type=\"section\">\n\t\t\t\t\t\t<div class=\"elementor-container elementor-column-gap-default\">\n\t\t\t\t\t<div class=\"elementor-column elementor-col-100 elementor-inner-column elementor-element elementor-element-ece8026\" data-id=\"ece8026\" data-element_type=\"column\">\n\t\t\t<div class=\"elementor-widget-wrap elementor-element-populated\">\n\t\t\t\t\t\t\t\t<div class=\"elementor-element elementor-element-d70e3b7 elementor-widget elementor-widget-heading\" data-id=\"d70e3b7\" data-element_type=\"widget\" data-widget_type=\"heading.default\">\n\t\t\t\t<div class=\"elementor-widget-container\">\n\t\t\t<h5 class=\"elementor-heading-title elementor-size-default\">Am\u00e9lioration continue<\/h5>\t\t<\/div>\n\t\t\t\t<\/div>\n\t\t\t\t\t<\/div>\n\t\t<\/div>\n\t\t\t\t\t\t\t<\/div>\n\t\t<\/section>\n\t\t\t\t<section class=\"elementor-section elementor-inner-section elementor-element elementor-element-f1dd534 elementor-section-boxed elementor-section-height-default elementor-section-height-default\" data-id=\"f1dd534\" data-element_type=\"section\">\n\t\t\t\t\t\t<div class=\"elementor-container elementor-column-gap-default\">\n\t\t\t\t\t<div class=\"elementor-column elementor-col-100 elementor-inner-column elementor-element elementor-element-3755462\" data-id=\"3755462\" data-element_type=\"column\">\n\t\t\t<div class=\"elementor-widget-wrap elementor-element-populated\">\n\t\t\t\t\t\t\t\t<div class=\"elementor-element elementor-element-2631737 elementor-widget elementor-widget-text-editor\" data-id=\"2631737\" data-element_type=\"widget\" data-widget_type=\"text-editor.default\">\n\t\t\t\t<div class=\"elementor-widget-container\">\n\t\t\t\t\t<div class=\"elementor-text-editor elementor-clearfix\"><p><strong>La certification<\/strong><\/p>\n<p>Le plateau de g\u00e9notypage est certifi\u00e9 ISO 9001\u00a0: 2015 le 21 Mars 2019 (voire la photo).<\/p>\n<p>Les plateaux de\u00a0 Biochimie et d\u2019\u00e9cophysiologie sont engag\u00e9s dans une d\u00e9marche de certification<\/p><\/div>\n\t\t\t\t<\/div>\n\t\t\t\t<\/div>\n\t\t\t\t\t<\/div>\n\t\t<\/div>\n\t\t\t\t\t\t\t<\/div>\n\t\t<\/section>\n\t\t\t\t\t<\/div>\n\t\t<\/div>\n\t\t\t\t\t\t\t<\/div>\n\t\t<\/section>\n\t\t\t\t<section class=\"elementor-section elementor-top-section elementor-element elementor-element-1aeeca6 elementor-section-boxed elementor-section-height-default elementor-section-height-default\" data-id=\"1aeeca6\" data-element_type=\"section\">\n\t\t\t\t\t\t<div class=\"elementor-container elementor-column-gap-default\">\n\t\t\t\t\t<div class=\"elementor-column elementor-col-100 elementor-top-column elementor-element elementor-element-eddb957\" data-id=\"eddb957\" data-element_type=\"column\">\n\t\t\t<div class=\"elementor-widget-wrap elementor-element-populated\">\n\t\t\t\t\t\t\t\t<div class=\"elementor-element elementor-element-1e68bbd elementor-widget elementor-widget-text-editor\" data-id=\"1e68bbd\" data-element_type=\"widget\" data-widget_type=\"text-editor.default\">\n\t\t\t\t<div class=\"elementor-widget-container\">\n\t\t\t\t\t<div class=\"elementor-text-editor elementor-clearfix\"><p><strong>L\u2019engagement de la direction<\/strong><\/p>\n<p>Le Directeur du CERAAS a d\u00e9fini sa politique qualit\u00e9 le 03 D\u00e9cembre 2019 qui tourne autour de 03 axes&nbsp;:<\/p>\n<ul>\n<li>Offrir un cadre ad\u00e9quat et des plateformes de recherche et de formation adapt\u00e9es pour un meilleure prise en compte des questionnements de recherche-d\u00e9veloppement relatifs \u00e0 l\u2019am\u00e9lioration de l\u2019adaptation \u00e0 la s\u00e9cheresse&nbsp;;<\/li>\n<li>Mobiliser les moyens humains, physiques et financiers pour am\u00e9liorer les performances et l\u2019efficacit\u00e9 de son syst\u00e8me management de la qualit\u00e9&nbsp;;<\/li>\n<li>Renforcer contin\u00fbment les capacit\u00e9s de son personnel dans l\u2019optique que son syst\u00e8me management de la qualit\u00e9 soit \u00e0 la base d\u2019un labex de centre d\u2019excellence internationale.<\/li>\n<\/ul>\n<p>Pour atteindre ces objectifs la direction a nomm\u00e9 un responsable qualit\u00e9 qui s\u2019engage \u00e0&nbsp;:<\/p>\n<ul>\n<li><strong>sensibiliser et impliquer<\/strong>le personnel concern\u00e9 par la d\u00e9marche&nbsp;;<\/li>\n<li><strong>assurer le suivi<\/strong>de l\u2019\u00e9volution du syst\u00e8me de management de la qualit\u00e9&nbsp;;<\/li>\n<li><strong>veiller \u00e0 l\u2019am\u00e9lioration continue<\/strong>de l\u2019organisation et des performances&nbsp;;<\/li>\n<\/ul>\n<p><strong>planifier des revues et audits<\/strong>&nbsp;r\u00e9guliers afin de v\u00e9rifier l\u2019atteinte des objectifs.<\/p><p><strong><a href=\"http:\/\/41.214.11.83\/ceraas\/wp-content\/uploads\/2021\/04\/Politique-Qualite\u0301-.pdf\" data-wplink-edit=\"true\">cliquez ici pour voir la d\u00e9marche de qualit\u00e9<\/a><\/strong><br><\/p>\n<p><\/p><\/div>\n\t\t\t\t<\/div>\n\t\t\t\t<\/div>\n\t\t\t\t\t<\/div>\n\t\t<\/div>\n\t\t\t\t\t\t\t<\/div>\n\t\t<\/section>\n\t\t\t\t\t\t<\/div>\n\t\t\t\t\t<\/div>\n\t\t","protected":false},"excerpt":{"rendered":"<p>Notre d\u00e9marche qualit\u00e9 La norme internationale ISO 9001 Elle sp\u00e9cifie les exigences relatives au syst\u00e8me de management de la qualit\u00e9 d\u2019un organisme qui doit d\u00e9montrer son aptitude \u00e0 satisfaire les exigences des \u00ab clients \u00bb et accro\u00eetre leur satisfaction en am\u00e9liorant en permanence son fonctionnement. La d\u00e9marche qualit\u00e9&nbsp;a \u00e9t\u00e9 initi\u00e9e [&hellip;]<\/p>\n","protected":false},"author":1,"featured_media":0,"parent":0,"menu_order":0,"comment_status":"closed","ping_status":"closed","template":"","meta":{"footnotes":""},"class_list":["post-1156","page","type-page","status-publish","hentry"],"_links":{"self":[{"href":"http:\/\/91.121.2.216:8085\/ceraas\/index.php\/wp-json\/wp\/v2\/pages\/1156","targetHints":{"allow":["GET"]}}],"collection":[{"href":"http:\/\/91.121.2.216:8085\/ceraas\/index.php\/wp-json\/wp\/v2\/pages"}],"about":[{"href":"http:\/\/91.121.2.216:8085\/ceraas\/index.php\/wp-json\/wp\/v2\/types\/page"}],"author":[{"embeddable":true,"href":"http:\/\/91.121.2.216:8085\/ceraas\/index.php\/wp-json\/wp\/v2\/users\/1"}],"replies":[{"embeddable":true,"href":"http:\/\/91.121.2.216:8085\/ceraas\/index.php\/wp-json\/wp\/v2\/comments?post=1156"}],"version-history":[{"count":25,"href":"http:\/\/91.121.2.216:8085\/ceraas\/index.php\/wp-json\/wp\/v2\/pages\/1156\/revisions"}],"predecessor-version":[{"id":1468,"href":"http:\/\/91.121.2.216:8085\/ceraas\/index.php\/wp-json\/wp\/v2\/pages\/1156\/revisions\/1468"}],"wp:attachment":[{"href":"http:\/\/91.121.2.216:8085\/ceraas\/index.php\/wp-json\/wp\/v2\/media?parent=1156"}],"curies":[{"name":"wp","href":"https:\/\/api.w.org\/{rel}","templated":true}]}}